{"id":3,"date":"2020-05-27T17:31:20","date_gmt":"2020-05-27T15:31:20","guid":{"rendered":"http:\/\/www.c2e.fr\/?page_id=3"},"modified":"2021-06-09T15:51:47","modified_gmt":"2021-06-09T13:51:47","slug":"politique-de-confidentialite","status":"publish","type":"page","link":"https:\/\/www.c2e.fr\/en\/politique-de-confidentialite\/","title":{"rendered":"Privacy policy"},"content":{"rendered":"<div data-elementor-type=\"wp-page\" data-elementor-id=\"3\" class=\"elementor elementor-3\">\n\t\t\t\t\t\t<div class=\"elementor-inner\">\n\t\t\t\t<div class=\"elementor-section-wrap\">\n\t\t\t\t\t\t\t\t\t<section class=\"elementor-section elementor-top-section elementor-element elementor-element-255abef elementor-section-boxed elementor-section-height-default elementor-section-height-default\" data-id=\"255abef\" data-element_type=\"section\">\n\t\t\t\t\t\t<div class=\"elementor-container elementor-column-gap-default\">\n\t\t\t\t\t\t\t<div class=\"elementor-row\">\n\t\t\t\t\t<div class=\"elementor-column elementor-col-100 elementor-top-column elementor-element elementor-element-f2ea0da\" data-id=\"f2ea0da\" data-element_type=\"column\">\n\t\t\t<div class=\"elementor-column-wrap elementor-element-populated\">\n\t\t\t\t\t\t\t<div class=\"elementor-widget-wrap\">\n\t\t\t\t\t\t<div class=\"elementor-element elementor-element-512965d elementor-widget elementor-widget-heading\" data-id=\"512965d\" data-element_type=\"widget\" data-widget_type=\"heading.default\">\n\t\t\t\t<div class=\"elementor-widget-container\">\n\t\t\t<h2 class=\"elementor-heading-title elementor-size-default\">Privacy policy<\/h2>\t\t<\/div>\n\t\t\t\t<\/div>\n\t\t\t\t\t\t<\/div>\n\t\t\t\t\t<\/div>\n\t\t<\/div>\n\t\t\t\t\t\t\t\t<\/div>\n\t\t\t\t\t<\/div>\n\t\t<\/section>\n\t\t\t\t<section class=\"elementor-section elementor-top-section elementor-element elementor-element-7bda8d2 elementor-section-boxed elementor-section-height-default elementor-section-height-default\" data-id=\"7bda8d2\" data-element_type=\"section\">\n\t\t\t\t\t\t<div class=\"elementor-container elementor-column-gap-default\">\n\t\t\t\t\t\t\t<div class=\"elementor-row\">\n\t\t\t\t\t<div class=\"elementor-column elementor-col-100 elementor-top-column elementor-element elementor-element-6167264\" data-id=\"6167264\" data-element_type=\"column\">\n\t\t\t<div class=\"elementor-column-wrap elementor-element-populated\">\n\t\t\t\t\t\t\t<div class=\"elementor-widget-wrap\">\n\t\t\t\t\t\t<div class=\"elementor-element elementor-element-56fb054 elementor-widget elementor-widget-heading\" data-id=\"56fb054\" data-element_type=\"widget\" data-widget_type=\"heading.default\">\n\t\t\t\t<div class=\"elementor-widget-container\">\n\t\t\t<h2 class=\"elementor-heading-title elementor-size-default\">Respect for private life<\/h2>\t\t<\/div>\n\t\t\t\t<\/div>\n\t\t\t\t\t\t<\/div>\n\t\t\t\t\t<\/div>\n\t\t<\/div>\n\t\t\t\t\t\t\t\t<\/div>\n\t\t\t\t\t<\/div>\n\t\t<\/section>\n\t\t\t\t<section class=\"elementor-section elementor-top-section elementor-element elementor-element-fe9edbe elementor-section-boxed elementor-section-height-default elementor-section-height-default\" data-id=\"fe9edbe\" data-element_type=\"section\">\n\t\t\t\t\t\t<div class=\"elementor-container elementor-column-gap-default\">\n\t\t\t\t\t\t\t<div class=\"elementor-row\">\n\t\t\t\t\t<div class=\"elementor-column elementor-col-100 elementor-top-column elementor-element elementor-element-761366b\" data-id=\"761366b\" data-element_type=\"column\">\n\t\t\t<div class=\"elementor-column-wrap elementor-element-populated\">\n\t\t\t\t\t\t\t<div class=\"elementor-widget-wrap\">\n\t\t\t\t\t\t<div class=\"elementor-element elementor-element-a1f6234 elementor-widget elementor-widget-text-editor\" data-id=\"a1f6234\" data-element_type=\"widget\" data-widget_type=\"text-editor.default\">\n\t\t\t\t<div class=\"elementor-widget-container\">\n\t\t\t\t\t\t\t\t<div class=\"elementor-text-editor elementor-clearfix\">\n\t\t\t\t<p>If you choose to send personal information to us by email, you can be assured that we will only use the information required to respond to and respond to your request. Electronic messages are treated with the same confidentiality measures as postal mail. Personal information transmitted is not shared with any other organization. The information transmitted is in no way used to draw up user profiles.<\/p>\t\t\t\t\t<\/div>\n\t\t\t\t\t\t<\/div>\n\t\t\t\t<\/div>\n\t\t\t\t\t\t<\/div>\n\t\t\t\t\t<\/div>\n\t\t<\/div>\n\t\t\t\t\t\t\t\t<\/div>\n\t\t\t\t\t<\/div>\n\t\t<\/section>\n\t\t\t\t<section class=\"elementor-section elementor-top-section elementor-element elementor-element-58300e0 elementor-section-boxed elementor-section-height-default elementor-section-height-default\" data-id=\"58300e0\" data-element_type=\"section\">\n\t\t\t\t\t\t<div class=\"elementor-container elementor-column-gap-default\">\n\t\t\t\t\t\t\t<div class=\"elementor-row\">\n\t\t\t\t\t<div class=\"elementor-column elementor-col-100 elementor-top-column elementor-element elementor-element-47e23ba\" data-id=\"47e23ba\" data-element_type=\"column\">\n\t\t\t<div class=\"elementor-column-wrap elementor-element-populated\">\n\t\t\t\t\t\t\t<div class=\"elementor-widget-wrap\">\n\t\t\t\t\t\t<div class=\"elementor-element elementor-element-3e11fe2 elementor-widget elementor-widget-heading\" data-id=\"3e11fe2\" data-element_type=\"widget\" data-widget_type=\"heading.default\">\n\t\t\t\t<div class=\"elementor-widget-container\">\n\t\t\t<h2 class=\"elementor-heading-title elementor-size-default\">Lawfulness of processing and conditions applicable to consent (ART. 6 AND ART. 7 GDPR)<\/h2>\t\t<\/div>\n\t\t\t\t<\/div>\n\t\t\t\t\t\t<\/div>\n\t\t\t\t\t<\/div>\n\t\t<\/div>\n\t\t\t\t\t\t\t\t<\/div>\n\t\t\t\t\t<\/div>\n\t\t<\/section>\n\t\t\t\t<section class=\"elementor-section elementor-top-section elementor-element elementor-element-2a7b652 elementor-section-boxed elementor-section-height-default elementor-section-height-default\" data-id=\"2a7b652\" data-element_type=\"section\">\n\t\t\t\t\t\t<div class=\"elementor-container elementor-column-gap-default\">\n\t\t\t\t\t\t\t<div class=\"elementor-row\">\n\t\t\t\t\t<div class=\"elementor-column elementor-col-100 elementor-top-column elementor-element elementor-element-6b64410\" data-id=\"6b64410\" data-element_type=\"column\">\n\t\t\t<div class=\"elementor-column-wrap elementor-element-populated\">\n\t\t\t\t\t\t\t<div class=\"elementor-widget-wrap\">\n\t\t\t\t\t\t<div class=\"elementor-element elementor-element-d839b46 elementor-widget elementor-widget-text-editor\" data-id=\"d839b46\" data-element_type=\"widget\" data-widget_type=\"text-editor.default\">\n\t\t\t\t<div class=\"elementor-widget-container\">\n\t\t\t\t\t\t\t\t<div class=\"elementor-text-editor elementor-clearfix\">\n\t\t\t\t<p class=\" translation-block\">The information collected by email is recorded in a computerized file by the company C2E to follow up on the contact request.\nIn accordance with the law \"Informatique et Libert\u00e9s\", you can exercise your right of access to data concerning you and have them rectified by contacting by post: C2E - Correspondant Informatique et Libert\u00e9 - Chemin des grandes Beaugines - 45550 St Denis de l 'H\u00f4tel or by email at: contact@c2e.fr<\/p>\t\t\t\t\t<\/div>\n\t\t\t\t\t\t<\/div>\n\t\t\t\t<\/div>\n\t\t\t\t\t\t<\/div>\n\t\t\t\t\t<\/div>\n\t\t<\/div>\n\t\t\t\t\t\t\t\t<\/div>\n\t\t\t\t\t<\/div>\n\t\t<\/section>\n\t\t\t\t<section class=\"elementor-section elementor-top-section elementor-element elementor-element-274627a elementor-section-boxed elementor-section-height-default elementor-section-height-default\" data-id=\"274627a\" data-element_type=\"section\">\n\t\t\t\t\t\t<div class=\"elementor-container elementor-column-gap-default\">\n\t\t\t\t\t\t\t<div class=\"elementor-row\">\n\t\t\t\t\t<div class=\"elementor-column elementor-col-100 elementor-top-column elementor-element elementor-element-c36a73e\" data-id=\"c36a73e\" data-element_type=\"column\">\n\t\t\t<div class=\"elementor-column-wrap elementor-element-populated\">\n\t\t\t\t\t\t\t<div class=\"elementor-widget-wrap\">\n\t\t\t\t\t\t<div class=\"elementor-element elementor-element-4deaef9 elementor-widget elementor-widget-heading\" data-id=\"4deaef9\" data-element_type=\"widget\" data-widget_type=\"heading.default\">\n\t\t\t\t<div class=\"elementor-widget-container\">\n\t\t\t<h2 class=\"elementor-heading-title elementor-size-default\">Rights of individuals (ART. 16 TO 20 OF GDPR)<\/h2>\t\t<\/div>\n\t\t\t\t<\/div>\n\t\t\t\t\t\t<\/div>\n\t\t\t\t\t<\/div>\n\t\t<\/div>\n\t\t\t\t\t\t\t\t<\/div>\n\t\t\t\t\t<\/div>\n\t\t<\/section>\n\t\t\t\t<section class=\"elementor-section elementor-top-section elementor-element elementor-element-b4478a5 elementor-section-boxed elementor-section-height-default elementor-section-height-default\" data-id=\"b4478a5\" data-element_type=\"section\">\n\t\t\t\t\t\t<div class=\"elementor-container elementor-column-gap-default\">\n\t\t\t\t\t\t\t<div class=\"elementor-row\">\n\t\t\t\t\t<div class=\"elementor-column elementor-col-100 elementor-top-column elementor-element elementor-element-da8ae68\" data-id=\"da8ae68\" data-element_type=\"column\">\n\t\t\t<div class=\"elementor-column-wrap elementor-element-populated\">\n\t\t\t\t\t\t\t<div class=\"elementor-widget-wrap\">\n\t\t\t\t\t\t<div class=\"elementor-element elementor-element-190e26a elementor-widget elementor-widget-text-editor\" data-id=\"190e26a\" data-element_type=\"widget\" data-widget_type=\"text-editor.default\">\n\t\t\t\t<div class=\"elementor-widget-container\">\n\t\t\t\t\t\t\t\t<div class=\"elementor-text-editor elementor-clearfix\">\n\t\t\t\tIn accordance with the Data Protection Act and the GDPR, any person can exercise their right of access, rectification, opposition, limitation of processing, deletion and portability of data concerning them by making a request by mail. signed and accompanied by a copy of an identity document at the address of the head office of the company C2E, Chemin des grandes Beaugines, 45550 Saint Denis de l'H\u00f4tel.\t\t\t\t\t<\/div>\n\t\t\t\t\t\t<\/div>\n\t\t\t\t<\/div>\n\t\t\t\t\t\t<\/div>\n\t\t\t\t\t<\/div>\n\t\t<\/div>\n\t\t\t\t\t\t\t\t<\/div>\n\t\t\t\t\t<\/div>\n\t\t<\/section>\n\t\t\t\t<section class=\"elementor-section elementor-top-section elementor-element elementor-element-715be82 elementor-section-boxed elementor-section-height-default elementor-section-height-default\" data-id=\"715be82\" data-element_type=\"section\">\n\t\t\t\t\t\t<div class=\"elementor-container elementor-column-gap-default\">\n\t\t\t\t\t\t\t<div class=\"elementor-row\">\n\t\t\t\t\t<div class=\"elementor-column elementor-col-100 elementor-top-column elementor-element elementor-element-2fd2041\" data-id=\"2fd2041\" data-element_type=\"column\">\n\t\t\t<div class=\"elementor-column-wrap elementor-element-populated\">\n\t\t\t\t\t\t\t<div class=\"elementor-widget-wrap\">\n\t\t\t\t\t\t<div class=\"elementor-element elementor-element-0a15005 elementor-widget elementor-widget-heading\" data-id=\"0a15005\" data-element_type=\"widget\" data-widget_type=\"heading.default\">\n\t\t\t\t<div class=\"elementor-widget-container\">\n\t\t\t<h2 class=\"elementor-heading-title elementor-size-default\">Data security and processing (ART. 32 GDPR)<\/h2>\t\t<\/div>\n\t\t\t\t<\/div>\n\t\t\t\t\t\t<\/div>\n\t\t\t\t\t<\/div>\n\t\t<\/div>\n\t\t\t\t\t\t\t\t<\/div>\n\t\t\t\t\t<\/div>\n\t\t<\/section>\n\t\t\t\t<section class=\"elementor-section elementor-top-section elementor-element elementor-element-6c233b3 elementor-section-boxed elementor-section-height-default elementor-section-height-default\" data-id=\"6c233b3\" data-element_type=\"section\">\n\t\t\t\t\t\t<div class=\"elementor-container elementor-column-gap-default\">\n\t\t\t\t\t\t\t<div class=\"elementor-row\">\n\t\t\t\t\t<div class=\"elementor-column elementor-col-100 elementor-top-column elementor-element elementor-element-b5c2148\" data-id=\"b5c2148\" data-element_type=\"column\">\n\t\t\t<div class=\"elementor-column-wrap elementor-element-populated\">\n\t\t\t\t\t\t\t<div class=\"elementor-widget-wrap\">\n\t\t\t\t\t\t<div class=\"elementor-element elementor-element-e846870 elementor-widget elementor-widget-text-editor\" data-id=\"e846870\" data-element_type=\"widget\" data-widget_type=\"text-editor.default\">\n\t\t\t\t<div class=\"elementor-widget-container\">\n\t\t\t\t\t\t\t\t<div class=\"elementor-text-editor elementor-clearfix\">\n\t\t\t\tThe data collected on the site www.c2e.fr and the associated processing are hosted by the company C2E. Only persons linked to the technical service of the company C2E and its subcontractors have access to the information collected on the site, via a personal identifier unique to the website.\t\t\t\t\t<\/div>\n\t\t\t\t\t\t<\/div>\n\t\t\t\t<\/div>\n\t\t\t\t\t\t<\/div>\n\t\t\t\t\t<\/div>\n\t\t<\/div>\n\t\t\t\t\t\t\t\t<\/div>\n\t\t\t\t\t<\/div>\n\t\t<\/section>\n\t\t\t\t<section class=\"elementor-section elementor-top-section elementor-element elementor-element-50146cb elementor-section-boxed elementor-section-height-default elementor-section-height-default\" data-id=\"50146cb\" data-element_type=\"section\">\n\t\t\t\t\t\t<div class=\"elementor-container elementor-column-gap-default\">\n\t\t\t\t\t\t\t<div class=\"elementor-row\">\n\t\t\t\t\t<div class=\"elementor-column elementor-col-100 elementor-top-column elementor-element elementor-element-0978a19\" data-id=\"0978a19\" data-element_type=\"column\">\n\t\t\t<div class=\"elementor-column-wrap elementor-element-populated\">\n\t\t\t\t\t\t\t<div class=\"elementor-widget-wrap\">\n\t\t\t\t\t\t<div class=\"elementor-element elementor-element-f7a9257 elementor-widget elementor-widget-heading\" data-id=\"f7a9257\" data-element_type=\"widget\" data-widget_type=\"heading.default\">\n\t\t\t\t<div class=\"elementor-widget-container\">\n\t\t\t<h2 class=\"elementor-heading-title elementor-size-default\">Data breach and communication within 72 hours (ART. 33 AND ART. 34 GDPR)<\/h2>\t\t<\/div>\n\t\t\t\t<\/div>\n\t\t\t\t\t\t<\/div>\n\t\t\t\t\t<\/div>\n\t\t<\/div>\n\t\t\t\t\t\t\t\t<\/div>\n\t\t\t\t\t<\/div>\n\t\t<\/section>\n\t\t\t\t<section class=\"elementor-section elementor-top-section elementor-element elementor-element-6b79d2d elementor-section-boxed elementor-section-height-default elementor-section-height-default\" data-id=\"6b79d2d\" data-element_type=\"section\">\n\t\t\t\t\t\t<div class=\"elementor-container elementor-column-gap-default\">\n\t\t\t\t\t\t\t<div class=\"elementor-row\">\n\t\t\t\t\t<div class=\"elementor-column elementor-col-100 elementor-top-column elementor-element elementor-element-a9b88e1\" data-id=\"a9b88e1\" data-element_type=\"column\">\n\t\t\t<div class=\"elementor-column-wrap elementor-element-populated\">\n\t\t\t\t\t\t\t<div class=\"elementor-widget-wrap\">\n\t\t\t\t\t\t<div class=\"elementor-element elementor-element-c5b408a elementor-widget elementor-widget-text-editor\" data-id=\"c5b408a\" data-element_type=\"widget\" data-widget_type=\"text-editor.default\">\n\t\t\t\t<div class=\"elementor-widget-container\">\n\t\t\t\t\t\t\t\t<div class=\"elementor-text-editor elementor-clearfix\">\n\t\t\t\t<p class=\" translation-block\">In the event of a violation or suspicion of a violation of personal data, the company C2E and its subcontractors will notify the CNIL, 72 hours at the latest, after becoming aware of it. In accordance with the \"Informatique et Libert\u00e9s\" law of January 6, 1947, you have the right to access and rectify information concerning you, which you can exercise by contacting contact@c2e.fr. You can also, for legitimate reasons, oppose the processing of data concerning you. If you have any comments or questions, you can contact us by email: contact@c2e.fr.<\/p>\t\t\t\t\t<\/div>\n\t\t\t\t\t\t<\/div>\n\t\t\t\t<\/div>\n\t\t\t\t\t\t<\/div>\n\t\t\t\t\t<\/div>\n\t\t<\/div>\n\t\t\t\t\t\t\t\t<\/div>\n\t\t\t\t\t<\/div>\n\t\t<\/section>\n\t\t\t\t\t\t\t\t\t<\/div>\n\t\t\t<\/div>\n\t\t\t\t\t<\/div>","protected":false},"excerpt":{"rendered":"<p>Politique de confidentialit\u00e9 Respect de la vie priv\u00e9e Si vous choisissez de nous transmettre de l\u2019information personnelle par courrier \u00e9lectronique, vous pouvez \u00eatre assur\u00e9s que nous n\u2019utiliserons que l\u2019information requise pour r\u00e9pondre \u00e0 votre demande et y donner suite. Les messages \u00e9lectroniques sont trait\u00e9s avec les m\u00eames mesures de confidentialit\u00e9 que le courrier postal. L\u2019information&#8230;<\/p>","protected":false},"author":2,"featured_media":0,"parent":0,"menu_order":0,"comment_status":"closed","ping_status":"open","template":"","meta":{"_kad_post_transparent":"","_kad_post_title":"","_kad_post_layout":"","_kad_post_sidebar_id":"","_kad_post_content_style":"","_kad_post_vertical_padding":"","_kad_post_feature":"","_kad_post_feature_position":"","_kad_post_header":false,"_kad_post_footer":false},"acf":[],"yoast_head":"<!-- This site is optimized with the Yoast SEO plugin v19.4 - https:\/\/yoast.com\/wordpress\/plugins\/seo\/ -->\n<title>Politique de confidentialit\u00e9 - Compagnie Europ\u00e9enne d&#039;Emballage<\/title>\n<meta name=\"robots\" content=\"index, follow, max-snippet:-1, max-image-preview:large, max-video-preview:-1\" \/>\n<link rel=\"canonical\" href=\"https:\/\/www.c2e.fr\/en\/politique-de-confidentialite\/\" \/>\n<meta property=\"og:locale\" content=\"en_US\" \/>\n<meta property=\"og:type\" content=\"article\" \/>\n<meta property=\"og:title\" content=\"Politique de confidentialit\u00e9 - Compagnie Europ\u00e9enne d&#039;Emballage\" \/>\n<meta property=\"og:description\" content=\"Politique de confidentialit\u00e9 Respect de la vie priv\u00e9e Si vous choisissez de nous transmettre de l\u2019information personnelle par courrier \u00e9lectronique, vous pouvez \u00eatre assur\u00e9s que nous n\u2019utiliserons que l\u2019information requise pour r\u00e9pondre \u00e0 votre demande et y donner suite. Les messages \u00e9lectroniques sont trait\u00e9s avec les m\u00eames mesures de confidentialit\u00e9 que le courrier postal. L\u2019information...\" \/>\n<meta property=\"og:url\" content=\"https:\/\/www.c2e.fr\/en\/politique-de-confidentialite\/\" \/>\n<meta property=\"og:site_name\" content=\"Compagnie Europ\u00e9enne d&#039;Emballage\" \/>\n<meta property=\"article:modified_time\" content=\"2021-06-09T13:51:47+00:00\" \/>\n<meta name=\"twitter:card\" content=\"summary_large_image\" \/>\n<meta name=\"twitter:label1\" content=\"Est. reading time\" \/>\n\t<meta name=\"twitter:data1\" content=\"2 minutes\" \/>\n<script type=\"application\/ld+json\" class=\"yoast-schema-graph\">{\"@context\":\"https:\/\/schema.org\",\"@graph\":[{\"@type\":\"Organization\",\"@id\":\"https:\/\/www.c2e.fr\/#organization\",\"name\":\"Compagnie Europ\u00e9enne d'Emballages\",\"url\":\"https:\/\/www.c2e.fr\/\",\"sameAs\":[],\"logo\":{\"@type\":\"ImageObject\",\"inLanguage\":\"en-US\",\"@id\":\"https:\/\/www.c2e.fr\/#\/schema\/logo\/image\/\",\"url\":\"https:\/\/www.c2e.fr\/wp-content\/uploads\/2020\/12\/Logo-C2E.png\",\"contentUrl\":\"https:\/\/www.c2e.fr\/wp-content\/uploads\/2020\/12\/Logo-C2E.png\",\"width\":300,\"height\":245,\"caption\":\"Compagnie Europ\u00e9enne d'Emballages\"},\"image\":{\"@id\":\"https:\/\/www.c2e.fr\/#\/schema\/logo\/image\/\"}},{\"@type\":\"WebSite\",\"@id\":\"https:\/\/www.c2e.fr\/#website\",\"url\":\"https:\/\/www.c2e.fr\/\",\"name\":\"Compagnie Europ\u00e9enne Emballages\",\"description\":\"Fabricant d&#039;emballages m\u00e9talliques\",\"publisher\":{\"@id\":\"https:\/\/www.c2e.fr\/#organization\"},\"potentialAction\":[{\"@type\":\"SearchAction\",\"target\":{\"@type\":\"EntryPoint\",\"urlTemplate\":\"https:\/\/www.c2e.fr\/?s={search_term_string}\"},\"query-input\":\"required name=search_term_string\"}],\"inLanguage\":\"en-US\"},{\"@type\":\"WebPage\",\"@id\":\"https:\/\/www.c2e.fr\/politique-de-confidentialite\/\",\"url\":\"https:\/\/www.c2e.fr\/politique-de-confidentialite\/\",\"name\":\"Politique de confidentialit\u00e9 - Compagnie Europ\u00e9enne d&#039;Emballage\",\"isPartOf\":{\"@id\":\"https:\/\/www.c2e.fr\/#website\"},\"datePublished\":\"2020-05-27T15:31:20+00:00\",\"dateModified\":\"2021-06-09T13:51:47+00:00\",\"breadcrumb\":{\"@id\":\"https:\/\/www.c2e.fr\/politique-de-confidentialite\/#breadcrumb\"},\"inLanguage\":\"en-US\",\"potentialAction\":[{\"@type\":\"ReadAction\",\"target\":[\"https:\/\/www.c2e.fr\/politique-de-confidentialite\/\"]}]},{\"@type\":\"BreadcrumbList\",\"@id\":\"https:\/\/www.c2e.fr\/politique-de-confidentialite\/#breadcrumb\",\"itemListElement\":[{\"@type\":\"ListItem\",\"position\":1,\"name\":\"Accueil\",\"item\":\"https:\/\/www.c2e.fr\/\"},{\"@type\":\"ListItem\",\"position\":2,\"name\":\"Politique de confidentialit\u00e9\"}]}]}<\/script>\n<!-- \/ Yoast SEO plugin. -->","yoast_head_json":{"title":"Politique de confidentialit\u00e9 - Compagnie Europ\u00e9enne d&#039;Emballage","robots":{"index":"index","follow":"follow","max-snippet":"max-snippet:-1","max-image-preview":"max-image-preview:large","max-video-preview":"max-video-preview:-1"},"canonical":"https:\/\/www.c2e.fr\/en\/politique-de-confidentialite\/","og_locale":"en_US","og_type":"article","og_title":"Politique de confidentialit\u00e9 - Compagnie Europ\u00e9enne d&#039;Emballage","og_description":"Politique de confidentialit\u00e9 Respect de la vie priv\u00e9e Si vous choisissez de nous transmettre de l\u2019information personnelle par courrier \u00e9lectronique, vous pouvez \u00eatre assur\u00e9s que nous n\u2019utiliserons que l\u2019information requise pour r\u00e9pondre \u00e0 votre demande et y donner suite. Les messages \u00e9lectroniques sont trait\u00e9s avec les m\u00eames mesures de confidentialit\u00e9 que le courrier postal. L\u2019information...","og_url":"https:\/\/www.c2e.fr\/en\/politique-de-confidentialite\/","og_site_name":"Compagnie Europ\u00e9enne d&#039;Emballage","article_modified_time":"2021-06-09T13:51:47+00:00","twitter_card":"summary_large_image","twitter_misc":{"Est. reading time":"2 minutes"},"schema":{"@context":"https:\/\/schema.org","@graph":[{"@type":"Organization","@id":"https:\/\/www.c2e.fr\/#organization","name":"Compagnie Europ\u00e9enne d'Emballages","url":"https:\/\/www.c2e.fr\/","sameAs":[],"logo":{"@type":"ImageObject","inLanguage":"en-US","@id":"https:\/\/www.c2e.fr\/#\/schema\/logo\/image\/","url":"https:\/\/www.c2e.fr\/wp-content\/uploads\/2020\/12\/Logo-C2E.png","contentUrl":"https:\/\/www.c2e.fr\/wp-content\/uploads\/2020\/12\/Logo-C2E.png","width":300,"height":245,"caption":"Compagnie Europ\u00e9enne d'Emballages"},"image":{"@id":"https:\/\/www.c2e.fr\/#\/schema\/logo\/image\/"}},{"@type":"WebSite","@id":"https:\/\/www.c2e.fr\/#website","url":"https:\/\/www.c2e.fr\/","name":"Compagnie Europ\u00e9enne Emballages","description":"Fabricant d&#039;emballages m\u00e9talliques","publisher":{"@id":"https:\/\/www.c2e.fr\/#organization"},"potentialAction":[{"@type":"SearchAction","target":{"@type":"EntryPoint","urlTemplate":"https:\/\/www.c2e.fr\/?s={search_term_string}"},"query-input":"required name=search_term_string"}],"inLanguage":"en-US"},{"@type":"WebPage","@id":"https:\/\/www.c2e.fr\/politique-de-confidentialite\/","url":"https:\/\/www.c2e.fr\/politique-de-confidentialite\/","name":"Politique de confidentialit\u00e9 - Compagnie Europ\u00e9enne d&#039;Emballage","isPartOf":{"@id":"https:\/\/www.c2e.fr\/#website"},"datePublished":"2020-05-27T15:31:20+00:00","dateModified":"2021-06-09T13:51:47+00:00","breadcrumb":{"@id":"https:\/\/www.c2e.fr\/politique-de-confidentialite\/#breadcrumb"},"inLanguage":"en-US","potentialAction":[{"@type":"ReadAction","target":["https:\/\/www.c2e.fr\/politique-de-confidentialite\/"]}]},{"@type":"BreadcrumbList","@id":"https:\/\/www.c2e.fr\/politique-de-confidentialite\/#breadcrumb","itemListElement":[{"@type":"ListItem","position":1,"name":"Accueil","item":"https:\/\/www.c2e.fr\/"},{"@type":"ListItem","position":2,"name":"Politique de confidentialit\u00e9"}]}]}},"_links":{"self":[{"href":"https:\/\/www.c2e.fr\/en\/wp-json\/wp\/v2\/pages\/3"}],"collection":[{"href":"https:\/\/www.c2e.fr\/en\/wp-json\/wp\/v2\/pages"}],"about":[{"href":"https:\/\/www.c2e.fr\/en\/wp-json\/wp\/v2\/types\/page"}],"author":[{"embeddable":true,"href":"https:\/\/www.c2e.fr\/en\/wp-json\/wp\/v2\/users\/2"}],"replies":[{"embeddable":true,"href":"https:\/\/www.c2e.fr\/en\/wp-json\/wp\/v2\/comments?post=3"}],"version-history":[{"count":20,"href":"https:\/\/www.c2e.fr\/en\/wp-json\/wp\/v2\/pages\/3\/revisions"}],"predecessor-version":[{"id":6417,"href":"https:\/\/www.c2e.fr\/en\/wp-json\/wp\/v2\/pages\/3\/revisions\/6417"}],"wp:attachment":[{"href":"https:\/\/www.c2e.fr\/en\/wp-json\/wp\/v2\/media?parent=3"}],"curies":[{"name":"wp","href":"https:\/\/api.w.org\/{rel}","templated":true}]}}