{"id":4340,"date":"2021-04-01T15:20:51","date_gmt":"2021-04-01T13:20:51","guid":{"rendered":"http:\/\/www.c2e.fr\/?page_id=4340"},"modified":"2021-07-22T14:13:23","modified_gmt":"2021-07-22T12:13:23","slug":"goulot-a-vis","status":"publish","type":"page","link":"https:\/\/www.c2e.fr\/en\/goulot-a-vis\/","title":{"rendered":"Screwing plastic spout"},"content":{"rendered":"<div data-elementor-type=\"wp-page\" data-elementor-id=\"4340\" class=\"elementor elementor-4340\">\n\t\t\t\t\t\t<div class=\"elementor-inner\">\n\t\t\t\t<div class=\"elementor-section-wrap\">\n\t\t\t\t\t\t\t\t\t<section class=\"elementor-section elementor-top-section elementor-element elementor-element-e8c7e41 elementor-section-boxed elementor-section-height-default elementor-section-height-default\" data-id=\"e8c7e41\" data-element_type=\"section\" data-settings=\"{&quot;background_background&quot;:&quot;classic&quot;}\">\n\t\t\t\t\t\t\t<div class=\"elementor-background-overlay\"><\/div>\n\t\t\t\t\t\t\t<div class=\"elementor-container elementor-column-gap-default\">\n\t\t\t\t\t\t\t<div class=\"elementor-row\">\n\t\t\t\t\t<div class=\"elementor-column elementor-col-100 elementor-top-column elementor-element elementor-element-796be1b\" data-id=\"796be1b\" data-element_type=\"column\">\n\t\t\t<div class=\"elementor-column-wrap elementor-element-populated\">\n\t\t\t\t\t\t\t<div class=\"elementor-widget-wrap\">\n\t\t\t\t\t\t<div class=\"elementor-element elementor-element-81b63ab elementor-invisible elementor-widget elementor-widget-heading\" data-id=\"81b63ab\" data-element_type=\"widget\" data-settings=\"{&quot;_animation&quot;:&quot;fadeInDown&quot;}\" data-widget_type=\"heading.default\">\n\t\t\t\t<div class=\"elementor-widget-container\">\n\t\t\t<h1 class=\"elementor-heading-title elementor-size-default\">Screwing plastic spout<\/h1>\t\t<\/div>\n\t\t\t\t<\/div>\n\t\t\t\t<section class=\"elementor-section elementor-inner-section elementor-element elementor-element-29193ea elementor-section-boxed elementor-section-height-default elementor-section-height-default\" data-id=\"29193ea\" data-element_type=\"section\" data-settings=\"{&quot;background_background&quot;:&quot;classic&quot;}\">\n\t\t\t\t\t\t<div class=\"elementor-container elementor-column-gap-default\">\n\t\t\t\t\t\t\t<div class=\"elementor-row\">\n\t\t\t\t\t<div class=\"elementor-column elementor-col-50 elementor-inner-column elementor-element elementor-element-0cdb9b8\" data-id=\"0cdb9b8\" data-element_type=\"column\">\n\t\t\t<div class=\"elementor-column-wrap elementor-element-populated\">\n\t\t\t\t\t\t\t<div class=\"elementor-widget-wrap\">\n\t\t\t\t\t\t<div class=\"elementor-element elementor-element-98e2691 animated-slow elementor-invisible elementor-widget elementor-widget-image\" data-id=\"98e2691\" data-element_type=\"widget\" data-settings=\"{&quot;_animation&quot;:&quot;fadeIn&quot;,&quot;_animation_delay&quot;:200}\" data-widget_type=\"image.default\">\n\t\t\t\t<div class=\"elementor-widget-container\">\n\t\t\t\t\t\t\t\t<div class=\"elementor-image\">\n\t\t\t\t\t\t\t\t\t\t\t\t<img width=\"400\" height=\"227\" src=\"https:\/\/www.c2e.fr\/wp-content\/uploads\/2021\/03\/Goulot-a-vis-duo.png\" class=\"attachment-full size-full wp-image-2896\" alt=\"goulot \u00e0 vis pour bidon m\u00e9tallique\" srcset=\"https:\/\/www.c2e.fr\/wp-content\/uploads\/2021\/03\/Goulot-a-vis-duo.png 400w, https:\/\/www.c2e.fr\/wp-content\/uploads\/2021\/03\/Goulot-a-vis-duo-300x170.png 300w, https:\/\/www.c2e.fr\/wp-content\/uploads\/2021\/03\/Goulot-a-vis-duo-16x9.png 16w\" sizes=\"(max-width: 400px) 100vw, 400px\" \/>\t\t\t\t\t\t\t\t\t\t\t\t\t\t<\/div>\n\t\t\t\t\t\t<\/div>\n\t\t\t\t<\/div>\n\t\t\t\t\t\t<\/div>\n\t\t\t\t\t<\/div>\n\t\t<\/div>\n\t\t\t\t<div class=\"elementor-column elementor-col-50 elementor-inner-column elementor-element elementor-element-56fe1b4\" data-id=\"56fe1b4\" data-element_type=\"column\">\n\t\t\t<div class=\"elementor-column-wrap elementor-element-populated\">\n\t\t\t\t\t\t\t<div class=\"elementor-widget-wrap\">\n\t\t\t\t\t\t<div class=\"elementor-element elementor-element-c98537f elementor-invisible elementor-widget elementor-widget-text-editor\" data-id=\"c98537f\" data-element_type=\"widget\" data-settings=\"{&quot;_animation&quot;:&quot;fadeInRight&quot;}\" data-widget_type=\"text-editor.default\">\n\t\t\t\t<div class=\"elementor-widget-container\">\n\t\t\t\t\t\t\t\t<div class=\"elementor-text-editor elementor-clearfix\">\n\t\t\t\t<p><strong>Description<\/strong><\/p>\t\t\t\t\t<\/div>\n\t\t\t\t\t\t<\/div>\n\t\t\t\t<\/div>\n\t\t\t\t<div class=\"elementor-element elementor-element-8f7e226 elementor-invisible elementor-widget elementor-widget-text-editor\" data-id=\"8f7e226\" data-element_type=\"widget\" data-settings=\"{&quot;_animation&quot;:&quot;fadeInRight&quot;}\" data-widget_type=\"text-editor.default\">\n\t\t\t\t<div class=\"elementor-widget-container\">\n\t\t\t\t\t\t\t\t<div class=\"elementor-text-editor elementor-clearfix\">\n\t\t\t\t<p>Based on the twist-off closure system, this spout is is equipped with tear-off seal for reliable tamper evidence assuring the integrity of the product. \nThe screwing closure with an ergonomic shaped screw cap is featured with a bore seal to secure a save sealing after the first opening. The child resistant closure can be safely opened by adults due its specific shape.<\/p>\t\t\t\t\t<\/div>\n\t\t\t\t\t\t<\/div>\n\t\t\t\t<\/div>\n\t\t\t\t<div class=\"elementor-element elementor-element-84f926b elementor-widget-divider--view-line elementor-widget elementor-widget-divider\" data-id=\"84f926b\" data-element_type=\"widget\" data-widget_type=\"divider.default\">\n\t\t\t\t<div class=\"elementor-widget-container\">\n\t\t\t\t\t<div class=\"elementor-divider\">\n\t\t\t<span class=\"elementor-divider-separator\">\n\t\t\t\t\t\t<\/span>\n\t\t<\/div>\n\t\t\t\t<\/div>\n\t\t\t\t<\/div>\n\t\t\t\t<div class=\"elementor-element elementor-element-00d5a27 elementor-invisible elementor-widget elementor-widget-text-editor\" data-id=\"00d5a27\" data-element_type=\"widget\" data-settings=\"{&quot;_animation&quot;:&quot;fadeInRight&quot;}\" data-widget_type=\"text-editor.default\">\n\t\t\t\t<div class=\"elementor-widget-container\">\n\t\t\t\t\t\t\t\t<div class=\"elementor-text-editor elementor-clearfix\">\n\t\t\t\t<p><strong style=\"color: var( --e-global-color-kadence3 );\">Available diameter<\/strong><\/p>\t\t\t\t\t<\/div>\n\t\t\t\t\t\t<\/div>\n\t\t\t\t<\/div>\n\t\t\t\t<div class=\"elementor-element elementor-element-48cc3c4 elementor-invisible elementor-widget elementor-widget-text-editor\" data-id=\"48cc3c4\" data-element_type=\"widget\" data-settings=\"{&quot;_animation&quot;:&quot;fadeInRight&quot;}\" data-widget_type=\"text-editor.default\">\n\t\t\t\t<div class=\"elementor-widget-container\">\n\t\t\t\t\t\t\t\t<div class=\"elementor-text-editor elementor-clearfix\">\n\t\t\t\t<p>&#8211; 23,80 mm<\/p>\t\t\t\t\t<\/div>\n\t\t\t\t\t\t<\/div>\n\t\t\t\t<\/div>\n\t\t\t\t<div class=\"elementor-element elementor-element-f7dd257 elementor-invisible elementor-widget elementor-widget-text-editor\" data-id=\"f7dd257\" data-element_type=\"widget\" data-settings=\"{&quot;_animation&quot;:&quot;fadeInRight&quot;}\" data-widget_type=\"text-editor.default\">\n\t\t\t\t<div class=\"elementor-widget-container\">\n\t\t\t\t\t\t\t\t<div class=\"elementor-text-editor elementor-clearfix\">\n\t\t\t\t<p>&#8211; 31,80 mm<\/p>\t\t\t\t\t<\/div>\n\t\t\t\t\t\t<\/div>\n\t\t\t\t<\/div>\n\t\t\t\t<div class=\"elementor-element elementor-element-38a45d0 elementor-invisible elementor-widget elementor-widget-text-editor\" data-id=\"38a45d0\" data-element_type=\"widget\" data-settings=\"{&quot;_animation&quot;:&quot;fadeInRight&quot;}\" data-widget_type=\"text-editor.default\">\n\t\t\t\t<div class=\"elementor-widget-container\">\n\t\t\t\t\t\t\t\t<div class=\"elementor-text-editor elementor-clearfix\">\n\t\t\t\t<p>&#8211; 42,30 mm<\/p>\t\t\t\t\t<\/div>\n\t\t\t\t\t\t<\/div>\n\t\t\t\t<\/div>\n\t\t\t\t<div class=\"elementor-element elementor-element-ecdc532 elementor-invisible elementor-widget elementor-widget-text-editor\" data-id=\"ecdc532\" data-element_type=\"widget\" data-settings=\"{&quot;_animation&quot;:&quot;fadeInRight&quot;}\" data-widget_type=\"text-editor.default\">\n\t\t\t\t<div class=\"elementor-widget-container\">\n\t\t\t\t\t\t\t\t<div class=\"elementor-text-editor elementor-clearfix\">\n\t\t\t\t<p>&#8211; 56,90 mm<\/p>\t\t\t\t\t<\/div>\n\t\t\t\t\t\t<\/div>\n\t\t\t\t<\/div>\n\t\t\t\t<div class=\"elementor-element elementor-element-3d6c4bc elementor-invisible elementor-widget elementor-widget-text-editor\" data-id=\"3d6c4bc\" data-element_type=\"widget\" data-settings=\"{&quot;_animation&quot;:&quot;fadeInRight&quot;}\" data-widget_type=\"text-editor.default\">\n\t\t\t\t<div class=\"elementor-widget-container\">\n\t\t\t\t\t\t\t\t<div class=\"elementor-text-editor elementor-clearfix\">\n\t\t\t\t<p>&#8211; 100 mm<\/p>\t\t\t\t\t<\/div>\n\t\t\t\t\t\t<\/div>\n\t\t\t\t<\/div>\n\t\t\t\t<div class=\"elementor-element elementor-element-8715529 elementor-widget-divider--view-line elementor-widget elementor-widget-divider\" data-id=\"8715529\" data-element_type=\"widget\" data-widget_type=\"divider.default\">\n\t\t\t\t<div class=\"elementor-widget-container\">\n\t\t\t\t\t<div class=\"elementor-divider\">\n\t\t\t<span class=\"elementor-divider-separator\">\n\t\t\t\t\t\t<\/span>\n\t\t<\/div>\n\t\t\t\t<\/div>\n\t\t\t\t<\/div>\n\t\t\t\t\t\t<\/div>\n\t\t\t\t\t<\/div>\n\t\t<\/div>\n\t\t\t\t\t\t\t\t<\/div>\n\t\t\t\t\t<\/div>\n\t\t<\/section>\n\t\t\t\t\t\t<\/div>\n\t\t\t\t\t<\/div>\n\t\t<\/div>\n\t\t\t\t\t\t\t\t<\/div>\n\t\t\t\t\t<\/div>\n\t\t<\/section>\n\t\t\t\t\t\t\t\t\t<\/div>\n\t\t\t<\/div>\n\t\t\t\t\t<\/div>","protected":false},"excerpt":{"rendered":"<p>Goulot \u00e0 vis Description Sur le mod\u00e8le de fermeture twist-off, ce type de bouchon est muni d\u2019un opercule d\u00e9tachable, preuve d\u2019inviolabilit\u00e9 fiable assurant l\u2019int\u00e9grit\u00e9 du produit. Le bouchon \u00e0 vis de forme ergonomique est dot\u00e9 d\u2019un joint d\u2019al\u00e9sage pour assurer une \u00e9tanch\u00e9it\u00e9 s\u00fbre apr\u00e8s la premi\u00e8re ouverture. La fermeture \u00e0 l\u2019\u00e9preuve des enfants peut \u00eatre&#8230;<\/p>","protected":false},"author":2,"featured_media":0,"parent":0,"menu_order":0,"comment_status":"closed","ping_status":"closed","template":"","meta":{"_kad_post_transparent":"","_kad_post_title":"hide","_kad_post_layout":"fullwidth","_kad_post_sidebar_id":"","_kad_post_content_style":"unboxed","_kad_post_vertical_padding":"hide","_kad_post_feature":"hide","_kad_post_feature_position":"","_kad_post_header":false,"_kad_post_footer":false},"acf":[],"yoast_head":"<!-- This site is optimized with the Yoast SEO plugin v19.4 - https:\/\/yoast.com\/wordpress\/plugins\/seo\/ -->\n<title>Goulot \u00e0 vis - Compagnie Europ\u00e9enne d&#039;Emballage<\/title>\n<meta name=\"robots\" content=\"index, follow, max-snippet:-1, max-image-preview:large, max-video-preview:-1\" \/>\n<link rel=\"canonical\" href=\"https:\/\/www.c2e.fr\/en\/goulot-a-vis\/\" \/>\n<meta property=\"og:locale\" content=\"en_US\" \/>\n<meta property=\"og:type\" content=\"article\" \/>\n<meta property=\"og:title\" content=\"Goulot \u00e0 vis - Compagnie Europ\u00e9enne d&#039;Emballage\" \/>\n<meta property=\"og:description\" content=\"Goulot \u00e0 vis Description Sur le mod\u00e8le de fermeture twist-off, ce type de bouchon est muni d\u2019un opercule d\u00e9tachable, preuve d\u2019inviolabilit\u00e9 fiable assurant l\u2019int\u00e9grit\u00e9 du produit. Le bouchon \u00e0 vis de forme ergonomique est dot\u00e9 d\u2019un joint d\u2019al\u00e9sage pour assurer une \u00e9tanch\u00e9it\u00e9 s\u00fbre apr\u00e8s la premi\u00e8re ouverture. La fermeture \u00e0 l\u2019\u00e9preuve des enfants peut \u00eatre...\" \/>\n<meta property=\"og:url\" content=\"https:\/\/www.c2e.fr\/en\/goulot-a-vis\/\" \/>\n<meta property=\"og:site_name\" content=\"Compagnie Europ\u00e9enne d&#039;Emballage\" \/>\n<meta property=\"article:modified_time\" content=\"2021-07-22T12:13:23+00:00\" \/>\n<meta property=\"og:image\" content=\"http:\/\/www.c2e.fr\/wp-content\/uploads\/2021\/03\/Goulot-a-vis-duo.png\" \/>\n<meta name=\"twitter:card\" content=\"summary_large_image\" \/>\n<script type=\"application\/ld+json\" class=\"yoast-schema-graph\">{\"@context\":\"https:\/\/schema.org\",\"@graph\":[{\"@type\":\"Organization\",\"@id\":\"https:\/\/www.c2e.fr\/#organization\",\"name\":\"Compagnie Europ\u00e9enne d'Emballages\",\"url\":\"https:\/\/www.c2e.fr\/\",\"sameAs\":[],\"logo\":{\"@type\":\"ImageObject\",\"inLanguage\":\"en-US\",\"@id\":\"https:\/\/www.c2e.fr\/#\/schema\/logo\/image\/\",\"url\":\"https:\/\/www.c2e.fr\/wp-content\/uploads\/2020\/12\/Logo-C2E.png\",\"contentUrl\":\"https:\/\/www.c2e.fr\/wp-content\/uploads\/2020\/12\/Logo-C2E.png\",\"width\":300,\"height\":245,\"caption\":\"Compagnie Europ\u00e9enne d'Emballages\"},\"image\":{\"@id\":\"https:\/\/www.c2e.fr\/#\/schema\/logo\/image\/\"}},{\"@type\":\"WebSite\",\"@id\":\"https:\/\/www.c2e.fr\/#website\",\"url\":\"https:\/\/www.c2e.fr\/\",\"name\":\"Compagnie Europ\u00e9enne Emballages\",\"description\":\"Fabricant d&#039;emballages m\u00e9talliques\",\"publisher\":{\"@id\":\"https:\/\/www.c2e.fr\/#organization\"},\"potentialAction\":[{\"@type\":\"SearchAction\",\"target\":{\"@type\":\"EntryPoint\",\"urlTemplate\":\"https:\/\/www.c2e.fr\/?s={search_term_string}\"},\"query-input\":\"required name=search_term_string\"}],\"inLanguage\":\"en-US\"},{\"@type\":\"WebPage\",\"@id\":\"https:\/\/www.c2e.fr\/en\/goulot-a-vis\/\",\"url\":\"https:\/\/www.c2e.fr\/en\/goulot-a-vis\/\",\"name\":\"Goulot \u00e0 vis - Compagnie Europ\u00e9enne d&#039;Emballage\",\"isPartOf\":{\"@id\":\"https:\/\/www.c2e.fr\/#website\"},\"datePublished\":\"2021-04-01T13:20:51+00:00\",\"dateModified\":\"2021-07-22T12:13:23+00:00\",\"breadcrumb\":{\"@id\":\"https:\/\/www.c2e.fr\/en\/goulot-a-vis\/#breadcrumb\"},\"inLanguage\":\"en-US\",\"potentialAction\":[{\"@type\":\"ReadAction\",\"target\":[\"https:\/\/www.c2e.fr\/en\/goulot-a-vis\/\"]}]},{\"@type\":\"BreadcrumbList\",\"@id\":\"https:\/\/www.c2e.fr\/en\/goulot-a-vis\/#breadcrumb\",\"itemListElement\":[{\"@type\":\"ListItem\",\"position\":1,\"name\":\"Accueil\",\"item\":\"https:\/\/www.c2e.fr\/\"},{\"@type\":\"ListItem\",\"position\":2,\"name\":\"Goulot \u00e0 vis\"}]}]}<\/script>\n<!-- \/ Yoast SEO plugin. -->","yoast_head_json":{"title":"Goulot \u00e0 vis - Compagnie Europ\u00e9enne d&#039;Emballage","robots":{"index":"index","follow":"follow","max-snippet":"max-snippet:-1","max-image-preview":"max-image-preview:large","max-video-preview":"max-video-preview:-1"},"canonical":"https:\/\/www.c2e.fr\/en\/goulot-a-vis\/","og_locale":"en_US","og_type":"article","og_title":"Goulot \u00e0 vis - Compagnie Europ\u00e9enne d&#039;Emballage","og_description":"Goulot \u00e0 vis Description Sur le mod\u00e8le de fermeture twist-off, ce type de bouchon est muni d\u2019un opercule d\u00e9tachable, preuve d\u2019inviolabilit\u00e9 fiable assurant l\u2019int\u00e9grit\u00e9 du produit. Le bouchon \u00e0 vis de forme ergonomique est dot\u00e9 d\u2019un joint d\u2019al\u00e9sage pour assurer une \u00e9tanch\u00e9it\u00e9 s\u00fbre apr\u00e8s la premi\u00e8re ouverture. La fermeture \u00e0 l\u2019\u00e9preuve des enfants peut \u00eatre...","og_url":"https:\/\/www.c2e.fr\/en\/goulot-a-vis\/","og_site_name":"Compagnie Europ\u00e9enne d&#039;Emballage","article_modified_time":"2021-07-22T12:13:23+00:00","og_image":[{"url":"http:\/\/www.c2e.fr\/wp-content\/uploads\/2021\/03\/Goulot-a-vis-duo.png"}],"twitter_card":"summary_large_image","schema":{"@context":"https:\/\/schema.org","@graph":[{"@type":"Organization","@id":"https:\/\/www.c2e.fr\/#organization","name":"Compagnie Europ\u00e9enne d'Emballages","url":"https:\/\/www.c2e.fr\/","sameAs":[],"logo":{"@type":"ImageObject","inLanguage":"en-US","@id":"https:\/\/www.c2e.fr\/#\/schema\/logo\/image\/","url":"https:\/\/www.c2e.fr\/wp-content\/uploads\/2020\/12\/Logo-C2E.png","contentUrl":"https:\/\/www.c2e.fr\/wp-content\/uploads\/2020\/12\/Logo-C2E.png","width":300,"height":245,"caption":"Compagnie Europ\u00e9enne d'Emballages"},"image":{"@id":"https:\/\/www.c2e.fr\/#\/schema\/logo\/image\/"}},{"@type":"WebSite","@id":"https:\/\/www.c2e.fr\/#website","url":"https:\/\/www.c2e.fr\/","name":"Compagnie Europ\u00e9enne Emballages","description":"Fabricant d&#039;emballages m\u00e9talliques","publisher":{"@id":"https:\/\/www.c2e.fr\/#organization"},"potentialAction":[{"@type":"SearchAction","target":{"@type":"EntryPoint","urlTemplate":"https:\/\/www.c2e.fr\/?s={search_term_string}"},"query-input":"required name=search_term_string"}],"inLanguage":"en-US"},{"@type":"WebPage","@id":"https:\/\/www.c2e.fr\/en\/goulot-a-vis\/","url":"https:\/\/www.c2e.fr\/en\/goulot-a-vis\/","name":"Goulot \u00e0 vis - Compagnie Europ\u00e9enne d&#039;Emballage","isPartOf":{"@id":"https:\/\/www.c2e.fr\/#website"},"datePublished":"2021-04-01T13:20:51+00:00","dateModified":"2021-07-22T12:13:23+00:00","breadcrumb":{"@id":"https:\/\/www.c2e.fr\/en\/goulot-a-vis\/#breadcrumb"},"inLanguage":"en-US","potentialAction":[{"@type":"ReadAction","target":["https:\/\/www.c2e.fr\/en\/goulot-a-vis\/"]}]},{"@type":"BreadcrumbList","@id":"https:\/\/www.c2e.fr\/en\/goulot-a-vis\/#breadcrumb","itemListElement":[{"@type":"ListItem","position":1,"name":"Accueil","item":"https:\/\/www.c2e.fr\/"},{"@type":"ListItem","position":2,"name":"Goulot \u00e0 vis"}]}]}},"_links":{"self":[{"href":"https:\/\/www.c2e.fr\/en\/wp-json\/wp\/v2\/pages\/4340"}],"collection":[{"href":"https:\/\/www.c2e.fr\/en\/wp-json\/wp\/v2\/pages"}],"about":[{"href":"https:\/\/www.c2e.fr\/en\/wp-json\/wp\/v2\/types\/page"}],"author":[{"embeddable":true,"href":"https:\/\/www.c2e.fr\/en\/wp-json\/wp\/v2\/users\/2"}],"replies":[{"embeddable":true,"href":"https:\/\/www.c2e.fr\/en\/wp-json\/wp\/v2\/comments?post=4340"}],"version-history":[{"count":10,"href":"https:\/\/www.c2e.fr\/en\/wp-json\/wp\/v2\/pages\/4340\/revisions"}],"predecessor-version":[{"id":7314,"href":"https:\/\/www.c2e.fr\/en\/wp-json\/wp\/v2\/pages\/4340\/revisions\/7314"}],"wp:attachment":[{"href":"https:\/\/www.c2e.fr\/en\/wp-json\/wp\/v2\/media?parent=4340"}],"curies":[{"name":"wp","href":"https:\/\/api.w.org\/{rel}","templated":true}]}}