{"id":4358,"date":"2021-04-01T15:53:53","date_gmt":"2021-04-01T13:53:53","guid":{"rendered":"http:\/\/www.c2e.fr\/?page_id=4358"},"modified":"2021-07-22T14:08:26","modified_gmt":"2021-07-22T12:08:26","slug":"goulot-a-charniere","status":"publish","type":"page","link":"https:\/\/www.c2e.fr\/en\/goulot-a-charniere\/","title":{"rendered":"Hinged neck"},"content":{"rendered":"<div data-elementor-type=\"wp-page\" data-elementor-id=\"4358\" class=\"elementor elementor-4358\">\n\t\t\t\t\t\t<div class=\"elementor-inner\">\n\t\t\t\t<div class=\"elementor-section-wrap\">\n\t\t\t\t\t\t\t\t\t<section class=\"elementor-section elementor-top-section elementor-element elementor-element-e8c7e41 elementor-section-boxed elementor-section-height-default elementor-section-height-default\" data-id=\"e8c7e41\" data-element_type=\"section\" data-settings=\"{&quot;background_background&quot;:&quot;classic&quot;}\">\n\t\t\t\t\t\t\t<div class=\"elementor-background-overlay\"><\/div>\n\t\t\t\t\t\t\t<div class=\"elementor-container elementor-column-gap-default\">\n\t\t\t\t\t\t\t<div class=\"elementor-row\">\n\t\t\t\t\t<div class=\"elementor-column elementor-col-100 elementor-top-column elementor-element elementor-element-796be1b\" data-id=\"796be1b\" data-element_type=\"column\">\n\t\t\t<div class=\"elementor-column-wrap elementor-element-populated\">\n\t\t\t\t\t\t\t<div class=\"elementor-widget-wrap\">\n\t\t\t\t\t\t<div class=\"elementor-element elementor-element-81b63ab elementor-invisible elementor-widget elementor-widget-heading\" data-id=\"81b63ab\" data-element_type=\"widget\" data-settings=\"{&quot;_animation&quot;:&quot;fadeInDown&quot;}\" data-widget_type=\"heading.default\">\n\t\t\t\t<div class=\"elementor-widget-container\">\n\t\t\t<h1 class=\"elementor-heading-title elementor-size-default\">Hinged neck<\/h1>\t\t<\/div>\n\t\t\t\t<\/div>\n\t\t\t\t<section class=\"elementor-section elementor-inner-section elementor-element elementor-element-29193ea elementor-section-boxed elementor-section-height-default elementor-section-height-default\" data-id=\"29193ea\" data-element_type=\"section\" data-settings=\"{&quot;background_background&quot;:&quot;classic&quot;}\">\n\t\t\t\t\t\t<div class=\"elementor-container elementor-column-gap-default\">\n\t\t\t\t\t\t\t<div class=\"elementor-row\">\n\t\t\t\t\t<div class=\"elementor-column elementor-col-50 elementor-inner-column elementor-element elementor-element-0cdb9b8\" data-id=\"0cdb9b8\" data-element_type=\"column\">\n\t\t\t<div class=\"elementor-column-wrap elementor-element-populated\">\n\t\t\t\t\t\t\t<div class=\"elementor-widget-wrap\">\n\t\t\t\t\t\t<div class=\"elementor-element elementor-element-98e2691 animated-slow elementor-invisible elementor-widget elementor-widget-image\" data-id=\"98e2691\" data-element_type=\"widget\" data-settings=\"{&quot;_animation&quot;:&quot;fadeIn&quot;,&quot;_animation_delay&quot;:200}\" data-widget_type=\"image.default\">\n\t\t\t\t<div class=\"elementor-widget-container\">\n\t\t\t\t\t\t\t\t<div class=\"elementor-image\">\n\t\t\t\t\t\t\t\t\t\t\t\t<img width=\"400\" height=\"395\" src=\"https:\/\/www.c2e.fr\/wp-content\/uploads\/2021\/03\/Bouchon-a-charniere.png\" class=\"attachment-full size-full wp-image-2890\" alt=\"goulot \u00e0 charni\u00e8re pour bidon m\u00e9tallique\" srcset=\"https:\/\/www.c2e.fr\/wp-content\/uploads\/2021\/03\/Bouchon-a-charniere.png 400w, https:\/\/www.c2e.fr\/wp-content\/uploads\/2021\/03\/Bouchon-a-charniere-300x296.png 300w, https:\/\/www.c2e.fr\/wp-content\/uploads\/2021\/03\/Bouchon-a-charniere-12x12.png 12w\" sizes=\"(max-width: 400px) 100vw, 400px\" \/>\t\t\t\t\t\t\t\t\t\t\t\t\t\t<\/div>\n\t\t\t\t\t\t<\/div>\n\t\t\t\t<\/div>\n\t\t\t\t\t\t<\/div>\n\t\t\t\t\t<\/div>\n\t\t<\/div>\n\t\t\t\t<div class=\"elementor-column elementor-col-50 elementor-inner-column elementor-element elementor-element-56fe1b4\" data-id=\"56fe1b4\" data-element_type=\"column\">\n\t\t\t<div class=\"elementor-column-wrap elementor-element-populated\">\n\t\t\t\t\t\t\t<div class=\"elementor-widget-wrap\">\n\t\t\t\t\t\t<div class=\"elementor-element elementor-element-c98537f elementor-invisible elementor-widget elementor-widget-text-editor\" data-id=\"c98537f\" data-element_type=\"widget\" data-settings=\"{&quot;_animation&quot;:&quot;fadeInRight&quot;}\" data-widget_type=\"text-editor.default\">\n\t\t\t\t<div class=\"elementor-widget-container\">\n\t\t\t\t\t\t\t\t<div class=\"elementor-text-editor elementor-clearfix\">\n\t\t\t\t<p><strong>Description<\/strong><\/p>\t\t\t\t\t<\/div>\n\t\t\t\t\t\t<\/div>\n\t\t\t\t<\/div>\n\t\t\t\t<div class=\"elementor-element elementor-element-8f7e226 elementor-invisible elementor-widget elementor-widget-text-editor\" data-id=\"8f7e226\" data-element_type=\"widget\" data-settings=\"{&quot;_animation&quot;:&quot;fadeInRight&quot;}\" data-widget_type=\"text-editor.default\">\n\t\t\t\t<div class=\"elementor-widget-container\">\n\t\t\t\t\t\t\t\t<div class=\"elementor-text-editor elementor-clearfix\">\n\t\t\t\t<p class=\" translation-block\">The press-on hinged closure is suitable for tinplate drum. The pourer is equipped with tear-off seal for reliable tamper evidence assuring the integrity of the product. After opening, the cap can be opened up to 180 degrees and a non-drip pouring lip avoids dripping of product after pouring.<\/p>\t\t\t\t\t<\/div>\n\t\t\t\t\t\t<\/div>\n\t\t\t\t<\/div>\n\t\t\t\t<div class=\"elementor-element elementor-element-84f926b elementor-widget-divider--view-line elementor-widget elementor-widget-divider\" data-id=\"84f926b\" data-element_type=\"widget\" data-widget_type=\"divider.default\">\n\t\t\t\t<div class=\"elementor-widget-container\">\n\t\t\t\t\t<div class=\"elementor-divider\">\n\t\t\t<span class=\"elementor-divider-separator\">\n\t\t\t\t\t\t<\/span>\n\t\t<\/div>\n\t\t\t\t<\/div>\n\t\t\t\t<\/div>\n\t\t\t\t<div class=\"elementor-element elementor-element-00d5a27 elementor-invisible elementor-widget elementor-widget-text-editor\" data-id=\"00d5a27\" data-element_type=\"widget\" data-settings=\"{&quot;_animation&quot;:&quot;fadeInRight&quot;}\" data-widget_type=\"text-editor.default\">\n\t\t\t\t<div class=\"elementor-widget-container\">\n\t\t\t\t\t\t\t\t<div class=\"elementor-text-editor elementor-clearfix\">\n\t\t\t\t<p><strong style=\"color: var( --e-global-color-kadence3 );\">Available diameter<\/strong><\/p>\t\t\t\t\t<\/div>\n\t\t\t\t\t\t<\/div>\n\t\t\t\t<\/div>\n\t\t\t\t<div class=\"elementor-element elementor-element-48cc3c4 elementor-invisible elementor-widget elementor-widget-text-editor\" data-id=\"48cc3c4\" data-element_type=\"widget\" data-settings=\"{&quot;_animation&quot;:&quot;fadeInRight&quot;}\" data-widget_type=\"text-editor.default\">\n\t\t\t\t<div class=\"elementor-widget-container\">\n\t\t\t\t\t\t\t\t<div class=\"elementor-text-editor elementor-clearfix\">\n\t\t\t\t<p>&#8211; 23,80 mm<\/p>\t\t\t\t\t<\/div>\n\t\t\t\t\t\t<\/div>\n\t\t\t\t<\/div>\n\t\t\t\t<div class=\"elementor-element elementor-element-8715529 elementor-widget-divider--view-line elementor-widget elementor-widget-divider\" data-id=\"8715529\" data-element_type=\"widget\" data-widget_type=\"divider.default\">\n\t\t\t\t<div class=\"elementor-widget-container\">\n\t\t\t\t\t<div class=\"elementor-divider\">\n\t\t\t<span class=\"elementor-divider-separator\">\n\t\t\t\t\t\t<\/span>\n\t\t<\/div>\n\t\t\t\t<\/div>\n\t\t\t\t<\/div>\n\t\t\t\t\t\t<\/div>\n\t\t\t\t\t<\/div>\n\t\t<\/div>\n\t\t\t\t\t\t\t\t<\/div>\n\t\t\t\t\t<\/div>\n\t\t<\/section>\n\t\t\t\t\t\t<\/div>\n\t\t\t\t\t<\/div>\n\t\t<\/div>\n\t\t\t\t\t\t\t\t<\/div>\n\t\t\t\t\t<\/div>\n\t\t<\/section>\n\t\t\t\t\t\t\t\t\t<\/div>\n\t\t\t<\/div>\n\t\t\t\t\t<\/div>","protected":false},"excerpt":{"rendered":"<p>Goulot \u00e0 charni\u00e8re Description La fermeture \u00e0 charni\u00e8re convient aux r\u00e9cipients en fer-blanc avec un per\u00e7age. Le bouchon verseur est \u00e9quip\u00e9 d\u2019un opercule d\u00e9tachable, preuve d\u2019inviolabilit\u00e9 fiable assurant l\u2019int\u00e9grit\u00e9 du produit. Apr\u00e8s ouverture, le couvercle \u00e0 charni\u00e8re peut \u00eatre ouvert jusqu\u2019\u00e0 180 degr\u00e9s et une l\u00e8vre verseuse anti-goutte \u00e9vite les gouttes de produit apr\u00e8s le&#8230;<\/p>","protected":false},"author":2,"featured_media":0,"parent":0,"menu_order":0,"comment_status":"closed","ping_status":"closed","template":"","meta":{"_kad_post_transparent":"","_kad_post_title":"hide","_kad_post_layout":"fullwidth","_kad_post_sidebar_id":"","_kad_post_content_style":"unboxed","_kad_post_vertical_padding":"hide","_kad_post_feature":"hide","_kad_post_feature_position":"","_kad_post_header":false,"_kad_post_footer":false},"acf":[],"yoast_head":"<!-- This site is optimized with the Yoast SEO plugin v19.4 - https:\/\/yoast.com\/wordpress\/plugins\/seo\/ -->\n<title>Goulot \u00e0 charni\u00e8re - Compagnie Europ\u00e9enne d&#039;Emballage<\/title>\n<meta name=\"robots\" content=\"index, follow, max-snippet:-1, max-image-preview:large, max-video-preview:-1\" \/>\n<link rel=\"canonical\" href=\"https:\/\/www.c2e.fr\/en\/goulot-a-charniere\/\" \/>\n<meta property=\"og:locale\" content=\"en_US\" \/>\n<meta property=\"og:type\" content=\"article\" \/>\n<meta property=\"og:title\" content=\"Goulot \u00e0 charni\u00e8re - Compagnie Europ\u00e9enne d&#039;Emballage\" \/>\n<meta property=\"og:description\" content=\"Goulot \u00e0 charni\u00e8re Description La fermeture \u00e0 charni\u00e8re convient aux r\u00e9cipients en fer-blanc avec un per\u00e7age. Le bouchon verseur est \u00e9quip\u00e9 d\u2019un opercule d\u00e9tachable, preuve d\u2019inviolabilit\u00e9 fiable assurant l\u2019int\u00e9grit\u00e9 du produit. Apr\u00e8s ouverture, le couvercle \u00e0 charni\u00e8re peut \u00eatre ouvert jusqu\u2019\u00e0 180 degr\u00e9s et une l\u00e8vre verseuse anti-goutte \u00e9vite les gouttes de produit apr\u00e8s le...\" \/>\n<meta property=\"og:url\" content=\"https:\/\/www.c2e.fr\/en\/goulot-a-charniere\/\" \/>\n<meta property=\"og:site_name\" content=\"Compagnie Europ\u00e9enne d&#039;Emballage\" \/>\n<meta property=\"article:modified_time\" content=\"2021-07-22T12:08:26+00:00\" \/>\n<meta property=\"og:image\" content=\"http:\/\/www.c2e.fr\/wp-content\/uploads\/2021\/03\/Bouchon-a-charniere.png\" \/>\n<meta name=\"twitter:card\" content=\"summary_large_image\" \/>\n<script type=\"application\/ld+json\" class=\"yoast-schema-graph\">{\"@context\":\"https:\/\/schema.org\",\"@graph\":[{\"@type\":\"Organization\",\"@id\":\"https:\/\/www.c2e.fr\/#organization\",\"name\":\"Compagnie Europ\u00e9enne d'Emballages\",\"url\":\"https:\/\/www.c2e.fr\/\",\"sameAs\":[],\"logo\":{\"@type\":\"ImageObject\",\"inLanguage\":\"en-US\",\"@id\":\"https:\/\/www.c2e.fr\/#\/schema\/logo\/image\/\",\"url\":\"https:\/\/www.c2e.fr\/wp-content\/uploads\/2020\/12\/Logo-C2E.png\",\"contentUrl\":\"https:\/\/www.c2e.fr\/wp-content\/uploads\/2020\/12\/Logo-C2E.png\",\"width\":300,\"height\":245,\"caption\":\"Compagnie Europ\u00e9enne d'Emballages\"},\"image\":{\"@id\":\"https:\/\/www.c2e.fr\/#\/schema\/logo\/image\/\"}},{\"@type\":\"WebSite\",\"@id\":\"https:\/\/www.c2e.fr\/#website\",\"url\":\"https:\/\/www.c2e.fr\/\",\"name\":\"Compagnie Europ\u00e9enne Emballages\",\"description\":\"Fabricant d&#039;emballages m\u00e9talliques\",\"publisher\":{\"@id\":\"https:\/\/www.c2e.fr\/#organization\"},\"potentialAction\":[{\"@type\":\"SearchAction\",\"target\":{\"@type\":\"EntryPoint\",\"urlTemplate\":\"https:\/\/www.c2e.fr\/?s={search_term_string}\"},\"query-input\":\"required name=search_term_string\"}],\"inLanguage\":\"en-US\"},{\"@type\":\"WebPage\",\"@id\":\"https:\/\/www.c2e.fr\/goulot-a-charniere\/\",\"url\":\"https:\/\/www.c2e.fr\/goulot-a-charniere\/\",\"name\":\"Goulot \u00e0 charni\u00e8re - Compagnie Europ\u00e9enne d&#039;Emballage\",\"isPartOf\":{\"@id\":\"https:\/\/www.c2e.fr\/#website\"},\"datePublished\":\"2021-04-01T13:53:53+00:00\",\"dateModified\":\"2021-07-22T12:08:26+00:00\",\"breadcrumb\":{\"@id\":\"https:\/\/www.c2e.fr\/goulot-a-charniere\/#breadcrumb\"},\"inLanguage\":\"en-US\",\"potentialAction\":[{\"@type\":\"ReadAction\",\"target\":[\"https:\/\/www.c2e.fr\/goulot-a-charniere\/\"]}]},{\"@type\":\"BreadcrumbList\",\"@id\":\"https:\/\/www.c2e.fr\/goulot-a-charniere\/#breadcrumb\",\"itemListElement\":[{\"@type\":\"ListItem\",\"position\":1,\"name\":\"Accueil\",\"item\":\"https:\/\/www.c2e.fr\/\"},{\"@type\":\"ListItem\",\"position\":2,\"name\":\"Goulot \u00e0 charni\u00e8re\"}]}]}<\/script>\n<!-- \/ Yoast SEO plugin. -->","yoast_head_json":{"title":"Goulot \u00e0 charni\u00e8re - Compagnie Europ\u00e9enne d&#039;Emballage","robots":{"index":"index","follow":"follow","max-snippet":"max-snippet:-1","max-image-preview":"max-image-preview:large","max-video-preview":"max-video-preview:-1"},"canonical":"https:\/\/www.c2e.fr\/en\/goulot-a-charniere\/","og_locale":"en_US","og_type":"article","og_title":"Goulot \u00e0 charni\u00e8re - Compagnie Europ\u00e9enne d&#039;Emballage","og_description":"Goulot \u00e0 charni\u00e8re Description La fermeture \u00e0 charni\u00e8re convient aux r\u00e9cipients en fer-blanc avec un per\u00e7age. Le bouchon verseur est \u00e9quip\u00e9 d\u2019un opercule d\u00e9tachable, preuve d\u2019inviolabilit\u00e9 fiable assurant l\u2019int\u00e9grit\u00e9 du produit. Apr\u00e8s ouverture, le couvercle \u00e0 charni\u00e8re peut \u00eatre ouvert jusqu\u2019\u00e0 180 degr\u00e9s et une l\u00e8vre verseuse anti-goutte \u00e9vite les gouttes de produit apr\u00e8s le...","og_url":"https:\/\/www.c2e.fr\/en\/goulot-a-charniere\/","og_site_name":"Compagnie Europ\u00e9enne d&#039;Emballage","article_modified_time":"2021-07-22T12:08:26+00:00","og_image":[{"url":"http:\/\/www.c2e.fr\/wp-content\/uploads\/2021\/03\/Bouchon-a-charniere.png"}],"twitter_card":"summary_large_image","schema":{"@context":"https:\/\/schema.org","@graph":[{"@type":"Organization","@id":"https:\/\/www.c2e.fr\/#organization","name":"Compagnie Europ\u00e9enne d'Emballages","url":"https:\/\/www.c2e.fr\/","sameAs":[],"logo":{"@type":"ImageObject","inLanguage":"en-US","@id":"https:\/\/www.c2e.fr\/#\/schema\/logo\/image\/","url":"https:\/\/www.c2e.fr\/wp-content\/uploads\/2020\/12\/Logo-C2E.png","contentUrl":"https:\/\/www.c2e.fr\/wp-content\/uploads\/2020\/12\/Logo-C2E.png","width":300,"height":245,"caption":"Compagnie Europ\u00e9enne d'Emballages"},"image":{"@id":"https:\/\/www.c2e.fr\/#\/schema\/logo\/image\/"}},{"@type":"WebSite","@id":"https:\/\/www.c2e.fr\/#website","url":"https:\/\/www.c2e.fr\/","name":"Compagnie Europ\u00e9enne Emballages","description":"Fabricant d&#039;emballages m\u00e9talliques","publisher":{"@id":"https:\/\/www.c2e.fr\/#organization"},"potentialAction":[{"@type":"SearchAction","target":{"@type":"EntryPoint","urlTemplate":"https:\/\/www.c2e.fr\/?s={search_term_string}"},"query-input":"required name=search_term_string"}],"inLanguage":"en-US"},{"@type":"WebPage","@id":"https:\/\/www.c2e.fr\/goulot-a-charniere\/","url":"https:\/\/www.c2e.fr\/goulot-a-charniere\/","name":"Goulot \u00e0 charni\u00e8re - Compagnie Europ\u00e9enne d&#039;Emballage","isPartOf":{"@id":"https:\/\/www.c2e.fr\/#website"},"datePublished":"2021-04-01T13:53:53+00:00","dateModified":"2021-07-22T12:08:26+00:00","breadcrumb":{"@id":"https:\/\/www.c2e.fr\/goulot-a-charniere\/#breadcrumb"},"inLanguage":"en-US","potentialAction":[{"@type":"ReadAction","target":["https:\/\/www.c2e.fr\/goulot-a-charniere\/"]}]},{"@type":"BreadcrumbList","@id":"https:\/\/www.c2e.fr\/goulot-a-charniere\/#breadcrumb","itemListElement":[{"@type":"ListItem","position":1,"name":"Accueil","item":"https:\/\/www.c2e.fr\/"},{"@type":"ListItem","position":2,"name":"Goulot \u00e0 charni\u00e8re"}]}]}},"_links":{"self":[{"href":"https:\/\/www.c2e.fr\/en\/wp-json\/wp\/v2\/pages\/4358"}],"collection":[{"href":"https:\/\/www.c2e.fr\/en\/wp-json\/wp\/v2\/pages"}],"about":[{"href":"https:\/\/www.c2e.fr\/en\/wp-json\/wp\/v2\/types\/page"}],"author":[{"embeddable":true,"href":"https:\/\/www.c2e.fr\/en\/wp-json\/wp\/v2\/users\/2"}],"replies":[{"embeddable":true,"href":"https:\/\/www.c2e.fr\/en\/wp-json\/wp\/v2\/comments?post=4358"}],"version-history":[{"count":10,"href":"https:\/\/www.c2e.fr\/en\/wp-json\/wp\/v2\/pages\/4358\/revisions"}],"predecessor-version":[{"id":7311,"href":"https:\/\/www.c2e.fr\/en\/wp-json\/wp\/v2\/pages\/4358\/revisions\/7311"}],"wp:attachment":[{"href":"https:\/\/www.c2e.fr\/en\/wp-json\/wp\/v2\/media?parent=4358"}],"curies":[{"name":"wp","href":"https:\/\/api.w.org\/{rel}","templated":true}]}}