{"id":6684,"date":"2021-07-02T10:59:08","date_gmt":"2021-07-02T08:59:08","guid":{"rendered":"http:\/\/www.c2e.fr\/?page_id=6684"},"modified":"2021-07-15T11:07:28","modified_gmt":"2021-07-15T09:07:28","slug":"seau-conique-160","status":"publish","type":"page","link":"https:\/\/www.c2e.fr\/en\/seau-conique-160\/","title":{"rendered":"\u00f8 160 Conical pails"},"content":{"rendered":"<p class=\"attachment\"><a href='https:\/\/www.c2e.fr\/wp-content\/uploads\/2021\/03\/MINI-Seau-tulipe-160x193-1.png'><img width=\"200\" height=\"300\" src=\"https:\/\/www.c2e.fr\/wp-content\/uploads\/2021\/03\/MINI-Seau-tulipe-160x193-1-200x300.png\" class=\"attachment-medium size-medium\" alt=\"\" srcset=\"https:\/\/www.c2e.fr\/wp-content\/uploads\/2021\/03\/MINI-Seau-tulipe-160x193-1-200x300.png 200w, https:\/\/www.c2e.fr\/wp-content\/uploads\/2021\/03\/MINI-Seau-tulipe-160x193-1-8x12.png 8w, https:\/\/www.c2e.fr\/wp-content\/uploads\/2021\/03\/MINI-Seau-tulipe-160x193-1.png 300w\" sizes=\"(max-width: 200px) 100vw, 200px\" \/><\/a><\/p>\n\t\t<div data-elementor-type=\"wp-page\" data-elementor-id=\"6684\" class=\"elementor elementor-6684\">\n\t\t\t\t\t\t<div class=\"elementor-inner\">\n\t\t\t\t<div class=\"elementor-section-wrap\">\n\t\t\t\t\t\t\t\t\t<section class=\"elementor-section elementor-top-section elementor-element elementor-element-4c33708 elementor-section-boxed elementor-section-height-default elementor-section-height-default\" data-id=\"4c33708\" data-element_type=\"section\" data-settings=\"{&quot;background_background&quot;:&quot;classic&quot;}\">\n\t\t\t\t\t\t<div class=\"elementor-container elementor-column-gap-default\">\n\t\t\t\t\t\t\t<div class=\"elementor-row\">\n\t\t\t\t\t<div class=\"elementor-column elementor-col-100 elementor-top-column elementor-element elementor-element-c97a6a6\" data-id=\"c97a6a6\" data-element_type=\"column\">\n\t\t\t<div class=\"elementor-column-wrap elementor-element-populated\">\n\t\t\t\t\t\t\t<div class=\"elementor-widget-wrap\">\n\t\t\t\t\t\t<div class=\"elementor-element elementor-element-a1e73fe elementor-widget elementor-widget-text-editor\" data-id=\"a1e73fe\" data-element_type=\"widget\" data-widget_type=\"text-editor.default\">\n\t\t\t\t<div class=\"elementor-widget-container\">\n\t\t\t\t\t\t\t\t<div class=\"elementor-text-editor elementor-clearfix\">\n\t\t\t\t<p>Adhesive - Food - Grease - Paint - Solvent - Varnish<\/p>\t\t\t\t\t<\/div>\n\t\t\t\t\t\t<\/div>\n\t\t\t\t<\/div>\n\t\t\t\t\t\t<\/div>\n\t\t\t\t\t<\/div>\n\t\t<\/div>\n\t\t\t\t\t\t\t\t<\/div>\n\t\t\t\t\t<\/div>\n\t\t<\/section>\n\t\t\t\t<section class=\"elementor-section elementor-top-section elementor-element elementor-element-34ae79b elementor-section-boxed elementor-section-height-default elementor-section-height-default\" data-id=\"34ae79b\" data-element_type=\"section\">\n\t\t\t\t\t\t<div class=\"elementor-container elementor-column-gap-default\">\n\t\t\t\t\t\t\t<div class=\"elementor-row\">\n\t\t\t\t\t<div class=\"elementor-column elementor-col-100 elementor-top-column elementor-element elementor-element-0031f84\" data-id=\"0031f84\" data-element_type=\"column\">\n\t\t\t<div class=\"elementor-column-wrap elementor-element-populated\">\n\t\t\t\t\t\t\t<div class=\"elementor-widget-wrap\">\n\t\t\t\t\t\t<div class=\"elementor-element elementor-element-f273aa0 elementor-widget elementor-widget-heading\" data-id=\"f273aa0\" data-element_type=\"widget\" data-widget_type=\"heading.default\">\n\t\t\t\t<div class=\"elementor-widget-container\">\n\t\t\t<h1 class=\"elementor-heading-title elementor-size-default translation-block\">Our range of \u00f8 160 conical pails<\/h1>\t\t<\/div>\n\t\t\t\t<\/div>\n\t\t\t\t\t\t<\/div>\n\t\t\t\t\t<\/div>\n\t\t<\/div>\n\t\t\t\t\t\t\t\t<\/div>\n\t\t\t\t\t<\/div>\n\t\t<\/section>\n\t\t\t\t<section class=\"elementor-section elementor-top-section elementor-element elementor-element-48229b4 elementor-section-boxed elementor-section-height-default elementor-section-height-default\" data-id=\"48229b4\" data-element_type=\"section\" data-settings=\"{&quot;animation&quot;:&quot;none&quot;}\">\n\t\t\t\t\t\t<div class=\"elementor-container elementor-column-gap-default\">\n\t\t\t\t\t\t\t<div class=\"elementor-row\">\n\t\t\t\t\t<div class=\"elementor-column elementor-col-100 elementor-top-column elementor-element elementor-element-2498b6c\" data-id=\"2498b6c\" data-element_type=\"column\" data-settings=\"{&quot;animation&quot;:&quot;none&quot;}\">\n\t\t\t<div class=\"elementor-column-wrap elementor-element-populated\">\n\t\t\t\t\t\t\t<div class=\"elementor-widget-wrap\">\n\t\t\t\t\t\t<div class=\"elementor-element elementor-element-f747594 animated-slow elementor-widget elementor-widget-wpgb-grid\" data-id=\"f747594\" data-element_type=\"widget\" data-settings=\"{&quot;_animation&quot;:&quot;none&quot;}\" data-widget_type=\"wpgb-grid.default\">\n\t\t\t\t<div class=\"elementor-widget-container\">\n\t\t\t<!-- Gridbuilder \u1d42\u1d3e Plugin (https:\/\/wpgridbuilder.com) -->\n<div class=\"wp-grid-builder wpgb-grid-18\" data-options=\"{&quot;id&quot;:18,&quot;type&quot;:&quot;masonry&quot;,&quot;source&quot;:&quot;post_type&quot;,&quot;loader&quot;:0,&quot;layout&quot;:&quot;vertical&quot;,&quot;reveal&quot;:1,&quot;isMainQuery&quot;:false,&quot;lazyLoad&quot;:0,&quot;cardSizes&quot;:{&quot;9999&quot;:{&quot;columns&quot;:6,&quot;height&quot;:240,&quot;gutter&quot;:60,&quot;ratio&quot;:&quot;1.33333&quot;},&quot;1200&quot;:{&quot;columns&quot;:5,&quot;height&quot;:240,&quot;gutter&quot;:20,&quot;ratio&quot;:&quot;1.33333&quot;},&quot;992&quot;:{&quot;columns&quot;:4,&quot;height&quot;:220,&quot;gutter&quot;:20,&quot;ratio&quot;:&quot;1.33333&quot;},&quot;768&quot;:{&quot;columns&quot;:3,&quot;height&quot;:220,&quot;gutter&quot;:20,&quot;ratio&quot;:&quot;1.33333&quot;},&quot;576&quot;:{&quot;columns&quot;:2,&quot;height&quot;:200,&quot;gutter&quot;:20,&quot;ratio&quot;:&quot;1.33333&quot;},&quot;320&quot;:{&quot;columns&quot;:1,&quot;height&quot;:200,&quot;gutter&quot;:20,&quot;ratio&quot;:&quot;1.33333&quot;}},&quot;fitRows&quot;:1,&quot;equalRows&quot;:0,&quot;equalColumns&quot;:1,&quot;fillLastRow&quot;:0,&quot;centerLastRow&quot;:0,&quot;horizontalOrder&quot;:1,&quot;fullWidth&quot;:0,&quot;transitionDelay&quot;:141,&quot;gallerySlideshow&quot;:0,&quot;rowsNumber&quot;:1,&quot;slideAlign&quot;:&quot;left&quot;,&quot;groupCells&quot;:1,&quot;draggable&quot;:1,&quot;initialIndex&quot;:0,&quot;contain&quot;:0,&quot;freeScroll&quot;:0,&quot;freeFriction&quot;:&quot;0.075&quot;,&quot;friction&quot;:&quot;0.285&quot;,&quot;attraction&quot;:&quot;0.025&quot;,&quot;autoPlay&quot;:0,&quot;pageDotAriaLabel&quot;:&quot;Page dot %d&quot;,&quot;isPreview&quot;:false,&quot;isGutenberg&quot;:false,&quot;rightToLeft&quot;:false}\"><div class=\"wpgb-svg-icons\" hidden>\n\t<svg viewbox=\"0 0 120 24\" width=\"0\" height=\"0\">\n\t<defs>\n        <polygon id=\"wpgb-star-svg\" points=\"12 2.5 15.1 8.8 22 9.8 17 14.6 18.2 21.5 12 18.3 5.8 21.5 7 14.6 2 9.8 8.9 8.8\"><\/polygon>\n    <\/defs>\n    <symbol id=\"wpgb-rating-stars-svg\">\n        <use xlink:href=\"#wpgb-star-svg\"><\/use>\n        <use xlink:href=\"#wpgb-star-svg\" x=\"24\"><\/use>\n        <use xlink:href=\"#wpgb-star-svg\" x=\"48\"><\/use>\n        <use xlink:href=\"#wpgb-star-svg\" x=\"72\"><\/use>\n        <use xlink:href=\"#wpgb-star-svg\" x=\"96\"><\/use>\n    <\/symbol>\n<\/svg>\n<\/div>\n<div class=\"wpgb-wrapper\">\n\t<div class=\"wpgb-main\">\n\t<div class=\"wpgb-layout\">\n\t<div class=\"wpgb-viewport\">\n\t\t<div class=\"wpgb-masonry\">\n\t\t\t<article class=\"wpgb-card wpgb-card-6 wpgb-post-1794 wpgb-card-hidden\" data-col=\"1\" data-row=\"1\" data-format=\"standard\"><div class=\"wpgb-card-wrapper\"><div class=\"wpgb-card-inner\" data-action><div class=\"wpgb-card-media wpgb-scheme-light\"><svg data-ratio style=\"padding-top:150%\" viewbox=\"0 0 300 450\"><\/svg><div class=\"wpgb-card-media-thumbnail\"><a href=\"https:\/\/www.c2e.fr\/wp-content\/uploads\/2021\/03\/MINI-Seau-tulipe-160x176-1.png\" tabindex=\"-1\" class=\"wpgb-handle-lb wpgb-lightbox\" data-type=\"image\" data-rel=\"18\" data-title=\"MINI Seau tulipe 160&#215;176\" title=\"Enlarge photo\"><div style=\"background-image:url(https:\/\/www.c2e.fr\/wp-content\/uploads\/2021\/03\/MINI-Seau-tulipe-160x176-1.png)\"><\/div><noscript><img class=\"wpgb-noscript-img\" src=\"https:\/\/www.c2e.fr\/wp-content\/uploads\/2021\/03\/MINI-Seau-tulipe-160x176-1.png\" alt=\"\" height=\"450\" width=\"300\"><\/noscript><\/a><\/div><\/div><div class=\"wpgb-card-content wpgb-scheme-dark\"><div class=\"wpgb-card-footer\"><h3 class=\"wpgb-block-1 wpgb-idle-scheme-1 wpgb-hover-accent-1\"><a href=\"https:\/\/www.c2e.fr\/en\/seau-conique-tulipe-160x176\/\">160 x 176 Tulip shape conical pails<\/a><\/h3><div class=\"wpgb-block-2\">2,5 L<\/div><\/div><\/div><a class=\"wpgb-card-layer-link\" href=\"https:\/\/www.c2e.fr\/en\/seau-conique-tulipe-160x176\/\"><\/a><\/div><\/div><\/article><article class=\"wpgb-card wpgb-card-6 wpgb-post-1800 wpgb-card-hidden\" data-col=\"1\" data-row=\"1\" data-format=\"standard\"><div class=\"wpgb-card-wrapper\"><div class=\"wpgb-card-inner\" data-action><div class=\"wpgb-card-media wpgb-scheme-light\"><svg data-ratio style=\"padding-top:150%\" viewbox=\"0 0 300 450\"><\/svg><div class=\"wpgb-card-media-thumbnail\"><a href=\"https:\/\/www.c2e.fr\/wp-content\/uploads\/2021\/03\/MINI-Seau-tulipe-160x193-1.png\" tabindex=\"-1\" class=\"wpgb-handle-lb wpgb-lightbox\" data-type=\"image\" data-rel=\"18\" data-title=\"MINI Seau tulipe 160&#215;193\" title=\"Enlarge photo\"><div style=\"background-image:url(https:\/\/www.c2e.fr\/wp-content\/uploads\/2021\/03\/MINI-Seau-tulipe-160x193-1.png)\"><\/div><noscript><img class=\"wpgb-noscript-img\" src=\"https:\/\/www.c2e.fr\/wp-content\/uploads\/2021\/03\/MINI-Seau-tulipe-160x193-1.png\" alt=\"\" height=\"450\" width=\"300\"><\/noscript><\/a><\/div><\/div><div class=\"wpgb-card-content wpgb-scheme-dark\"><div class=\"wpgb-card-footer\"><h3 class=\"wpgb-block-1 wpgb-idle-scheme-1 wpgb-hover-accent-1\"><a href=\"https:\/\/www.c2e.fr\/en\/seau-conique-tulipe-160x193\/\">160 x 193 Tulip shape conical pails<\/a><\/h3><div class=\"wpgb-block-2\">3 L<\/div><\/div><\/div><a class=\"wpgb-card-layer-link\" href=\"https:\/\/www.c2e.fr\/en\/seau-conique-tulipe-160x193\/\"><\/a><\/div><\/div><\/article>\t\t<\/div>\n\t<\/div>\n\t<\/div>\n<div class=\"wpgb-area wpgb-area-bottom-1\">\n\t<button type=\"button\" class=\"wpgb-prev-button\" aria-label=\"Previous slide\" hidden>\n\t<svg><use xlink:href=\"https:\/\/www.c2e.fr\/wp-content\/plugins\/wp-grid-builder\/frontend\/assets\/svg\/arrows\/arrow-left.svg#wpgb-icon\"\/><\/svg><\/button>\n<ol class=\"wpgb-page-dots\"><\/ol>\n<button type=\"button\" class=\"wpgb-next-button\" aria-label=\"Next slide\" hidden>\n\t<svg><use xlink:href=\"https:\/\/www.c2e.fr\/wp-content\/plugins\/wp-grid-builder\/frontend\/assets\/svg\/arrows\/arrow-right.svg#wpgb-icon\"\/><\/svg><\/button>\n<\/div>\n\t<\/div>\n\t\t<\/div>\n<\/div>\n\t\t<\/div>\n\t\t\t\t<\/div>\n\t\t\t\t\t\t<\/div>\n\t\t\t\t\t<\/div>\n\t\t<\/div>\n\t\t\t\t\t\t\t\t<\/div>\n\t\t\t\t\t<\/div>\n\t\t<\/section>\n\t\t\t\t\t\t\t\t\t<\/div>\n\t\t\t<\/div>\n\t\t\t\t\t<\/div>","protected":false},"excerpt":{"rendered":"<p>Adh\u00e9sif &#8211; Alimentaire &#8211; Graisse &#8211; Peinture &#8211; Solvant &#8211; Vernis Notre gamme de seaux coniques \u00f8 160 Seau conique tulipe 160 x 176 2,5 L Seau conique tulipe 160 x 193 3 L<\/p>","protected":false},"author":2,"featured_media":0,"parent":0,"menu_order":0,"comment_status":"closed","ping_status":"closed","template":"","meta":{"_kad_post_transparent":"","_kad_post_title":"hide","_kad_post_layout":"fullwidth","_kad_post_sidebar_id":"","_kad_post_content_style":"unboxed","_kad_post_vertical_padding":"hide","_kad_post_feature":"hide","_kad_post_feature_position":"","_kad_post_header":false,"_kad_post_footer":false},"acf":[],"yoast_head":"<!-- This site is optimized with the Yoast SEO plugin v19.4 - https:\/\/yoast.com\/wordpress\/plugins\/seo\/ -->\n<title>Seau conique \u00f8 160 - Compagnie Europ\u00e9enne d&#039;Emballage<\/title>\n<meta name=\"robots\" content=\"index, follow, max-snippet:-1, max-image-preview:large, max-video-preview:-1\" \/>\n<link rel=\"canonical\" href=\"https:\/\/www.c2e.fr\/en\/seau-conique-160\/\" \/>\n<meta property=\"og:locale\" content=\"en_US\" \/>\n<meta property=\"og:type\" content=\"article\" \/>\n<meta property=\"og:title\" content=\"Seau conique \u00f8 160 - Compagnie Europ\u00e9enne d&#039;Emballage\" \/>\n<meta property=\"og:description\" content=\"Adh\u00e9sif &#8211; Alimentaire &#8211; Graisse &#8211; Peinture &#8211; Solvant &#8211; Vernis Notre gamme de seaux coniques \u00f8 160 Seau conique tulipe 160 x 176 2,5 L Seau conique tulipe 160 x 193 3 L\" \/>\n<meta property=\"og:url\" content=\"https:\/\/www.c2e.fr\/en\/seau-conique-160\/\" \/>\n<meta property=\"og:site_name\" content=\"Compagnie Europ\u00e9enne d&#039;Emballage\" \/>\n<meta property=\"article:modified_time\" content=\"2021-07-15T09:07:28+00:00\" \/>\n<meta property=\"og:image\" content=\"http:\/\/www.c2e.fr\/wp-content\/uploads\/2021\/03\/MINI-Seau-tulipe-160x176-1.png\" \/>\n<meta name=\"twitter:card\" content=\"summary_large_image\" \/>\n<script type=\"application\/ld+json\" class=\"yoast-schema-graph\">{\"@context\":\"https:\/\/schema.org\",\"@graph\":[{\"@type\":\"Organization\",\"@id\":\"https:\/\/www.c2e.fr\/#organization\",\"name\":\"Compagnie Europ\u00e9enne d'Emballages\",\"url\":\"https:\/\/www.c2e.fr\/\",\"sameAs\":[],\"logo\":{\"@type\":\"ImageObject\",\"inLanguage\":\"en-US\",\"@id\":\"https:\/\/www.c2e.fr\/#\/schema\/logo\/image\/\",\"url\":\"https:\/\/www.c2e.fr\/wp-content\/uploads\/2020\/12\/Logo-C2E.png\",\"contentUrl\":\"https:\/\/www.c2e.fr\/wp-content\/uploads\/2020\/12\/Logo-C2E.png\",\"width\":300,\"height\":245,\"caption\":\"Compagnie Europ\u00e9enne d'Emballages\"},\"image\":{\"@id\":\"https:\/\/www.c2e.fr\/#\/schema\/logo\/image\/\"}},{\"@type\":\"WebSite\",\"@id\":\"https:\/\/www.c2e.fr\/#website\",\"url\":\"https:\/\/www.c2e.fr\/\",\"name\":\"Compagnie Europ\u00e9enne Emballages\",\"description\":\"Fabricant d&#039;emballages m\u00e9talliques\",\"publisher\":{\"@id\":\"https:\/\/www.c2e.fr\/#organization\"},\"potentialAction\":[{\"@type\":\"SearchAction\",\"target\":{\"@type\":\"EntryPoint\",\"urlTemplate\":\"https:\/\/www.c2e.fr\/?s={search_term_string}\"},\"query-input\":\"required name=search_term_string\"}],\"inLanguage\":\"en-US\"},{\"@type\":\"WebPage\",\"@id\":\"https:\/\/www.c2e.fr\/en\/seau-conique-160\/\",\"url\":\"https:\/\/www.c2e.fr\/en\/seau-conique-160\/\",\"name\":\"Seau conique \u00f8 160 - Compagnie Europ\u00e9enne d&#039;Emballage\",\"isPartOf\":{\"@id\":\"https:\/\/www.c2e.fr\/#website\"},\"datePublished\":\"2021-07-02T08:59:08+00:00\",\"dateModified\":\"2021-07-15T09:07:28+00:00\",\"breadcrumb\":{\"@id\":\"https:\/\/www.c2e.fr\/en\/seau-conique-160\/#breadcrumb\"},\"inLanguage\":\"en-US\",\"potentialAction\":[{\"@type\":\"ReadAction\",\"target\":[\"https:\/\/www.c2e.fr\/en\/seau-conique-160\/\"]}]},{\"@type\":\"BreadcrumbList\",\"@id\":\"https:\/\/www.c2e.fr\/en\/seau-conique-160\/#breadcrumb\",\"itemListElement\":[{\"@type\":\"ListItem\",\"position\":1,\"name\":\"Accueil\",\"item\":\"https:\/\/www.c2e.fr\/\"},{\"@type\":\"ListItem\",\"position\":2,\"name\":\"Seau conique \u00f8 160\"}]}]}<\/script>\n<!-- \/ Yoast SEO plugin. -->","yoast_head_json":{"title":"Seau conique \u00f8 160 - Compagnie Europ\u00e9enne d&#039;Emballage","robots":{"index":"index","follow":"follow","max-snippet":"max-snippet:-1","max-image-preview":"max-image-preview:large","max-video-preview":"max-video-preview:-1"},"canonical":"https:\/\/www.c2e.fr\/en\/seau-conique-160\/","og_locale":"en_US","og_type":"article","og_title":"Seau conique \u00f8 160 - Compagnie Europ\u00e9enne d&#039;Emballage","og_description":"Adh\u00e9sif &#8211; Alimentaire &#8211; Graisse &#8211; Peinture &#8211; Solvant &#8211; Vernis Notre gamme de seaux coniques \u00f8 160 Seau conique tulipe 160 x 176 2,5 L Seau conique tulipe 160 x 193 3 L","og_url":"https:\/\/www.c2e.fr\/en\/seau-conique-160\/","og_site_name":"Compagnie Europ\u00e9enne d&#039;Emballage","article_modified_time":"2021-07-15T09:07:28+00:00","og_image":[{"url":"http:\/\/www.c2e.fr\/wp-content\/uploads\/2021\/03\/MINI-Seau-tulipe-160x176-1.png"}],"twitter_card":"summary_large_image","schema":{"@context":"https:\/\/schema.org","@graph":[{"@type":"Organization","@id":"https:\/\/www.c2e.fr\/#organization","name":"Compagnie Europ\u00e9enne d'Emballages","url":"https:\/\/www.c2e.fr\/","sameAs":[],"logo":{"@type":"ImageObject","inLanguage":"en-US","@id":"https:\/\/www.c2e.fr\/#\/schema\/logo\/image\/","url":"https:\/\/www.c2e.fr\/wp-content\/uploads\/2020\/12\/Logo-C2E.png","contentUrl":"https:\/\/www.c2e.fr\/wp-content\/uploads\/2020\/12\/Logo-C2E.png","width":300,"height":245,"caption":"Compagnie Europ\u00e9enne d'Emballages"},"image":{"@id":"https:\/\/www.c2e.fr\/#\/schema\/logo\/image\/"}},{"@type":"WebSite","@id":"https:\/\/www.c2e.fr\/#website","url":"https:\/\/www.c2e.fr\/","name":"Compagnie Europ\u00e9enne Emballages","description":"Fabricant d&#039;emballages m\u00e9talliques","publisher":{"@id":"https:\/\/www.c2e.fr\/#organization"},"potentialAction":[{"@type":"SearchAction","target":{"@type":"EntryPoint","urlTemplate":"https:\/\/www.c2e.fr\/?s={search_term_string}"},"query-input":"required name=search_term_string"}],"inLanguage":"en-US"},{"@type":"WebPage","@id":"https:\/\/www.c2e.fr\/en\/seau-conique-160\/","url":"https:\/\/www.c2e.fr\/en\/seau-conique-160\/","name":"Seau conique \u00f8 160 - Compagnie Europ\u00e9enne d&#039;Emballage","isPartOf":{"@id":"https:\/\/www.c2e.fr\/#website"},"datePublished":"2021-07-02T08:59:08+00:00","dateModified":"2021-07-15T09:07:28+00:00","breadcrumb":{"@id":"https:\/\/www.c2e.fr\/en\/seau-conique-160\/#breadcrumb"},"inLanguage":"en-US","potentialAction":[{"@type":"ReadAction","target":["https:\/\/www.c2e.fr\/en\/seau-conique-160\/"]}]},{"@type":"BreadcrumbList","@id":"https:\/\/www.c2e.fr\/en\/seau-conique-160\/#breadcrumb","itemListElement":[{"@type":"ListItem","position":1,"name":"Accueil","item":"https:\/\/www.c2e.fr\/"},{"@type":"ListItem","position":2,"name":"Seau conique \u00f8 160"}]}]}},"_links":{"self":[{"href":"https:\/\/www.c2e.fr\/en\/wp-json\/wp\/v2\/pages\/6684"}],"collection":[{"href":"https:\/\/www.c2e.fr\/en\/wp-json\/wp\/v2\/pages"}],"about":[{"href":"https:\/\/www.c2e.fr\/en\/wp-json\/wp\/v2\/types\/page"}],"author":[{"embeddable":true,"href":"https:\/\/www.c2e.fr\/en\/wp-json\/wp\/v2\/users\/2"}],"replies":[{"embeddable":true,"href":"https:\/\/www.c2e.fr\/en\/wp-json\/wp\/v2\/comments?post=6684"}],"version-history":[{"count":9,"href":"https:\/\/www.c2e.fr\/en\/wp-json\/wp\/v2\/pages\/6684\/revisions"}],"predecessor-version":[{"id":7059,"href":"https:\/\/www.c2e.fr\/en\/wp-json\/wp\/v2\/pages\/6684\/revisions\/7059"}],"wp:attachment":[{"href":"https:\/\/www.c2e.fr\/en\/wp-json\/wp\/v2\/media?parent=6684"}],"curies":[{"name":"wp","href":"https:\/\/api.w.org\/{rel}","templated":true}]}}